{"id":7074,"date":"2025-11-04T09:39:33","date_gmt":"2025-11-04T08:39:33","guid":{"rendered":"https:\/\/bonawinery.sk\/?post_type=product&#038;p=7074"},"modified":"2025-11-04T09:41:59","modified_gmt":"2025-11-04T08:41:59","slug":"tramini-2024","status":"publish","type":"product","link":"https:\/\/bonawinery.sk\/hu\/termek\/tramini-2024\/","title":{"rendered":"Tramini 2024"},"content":{"rendered":"","protected":false},"excerpt":{"rendered":"<p data-start=\"1373\" data-end=\"1647\"><strong data-start=\"1373\" data-end=\"1387\">Oszt\u00e1lyoz\u00e1s:<\/strong> feh\u00e9rbor, sz\u00e1raz<br data-start=\"1404\" data-end=\"1407\" \/><strong data-start=\"1407\" data-end=\"1421\">Borcsal\u00e1d:<\/strong> Fresh<br data-start=\"1427\" data-end=\"1430\" \/><strong data-start=\"1430\" data-end=\"1452\">Mustfok sz\u00fcretkor:<\/strong> 23,5 \u00b0NM<br data-start=\"1461\" data-end=\"1464\" \/><strong data-start=\"1464\" data-end=\"1476\">Alkohol:<\/strong> 14 %<br data-start=\"1481\" data-end=\"1484\" \/><strong data-start=\"1484\" data-end=\"1501\">Marad\u00e9kcukor:<\/strong> 2,6 g\/l<br data-start=\"1509\" data-end=\"1512\" \/><strong data-start=\"1512\" data-end=\"1528\">Savtartalom:<\/strong> 5,45 g\/l<br data-start=\"1537\" data-end=\"1540\" \/><strong data-start=\"1540\" data-end=\"1559\">Sz\u0151l\u0151\u00fcltetv\u00e9ny:<\/strong> Szlov\u00e1kia, B\u00e1torkeszi, Szentl\u00e1szl\u00f3-d\u0171l\u0151<br data-start=\"1593\" data-end=\"1596\" \/><strong data-start=\"1596\" data-end=\"1606\">Talaj:<\/strong> agyagos v\u00e1lyog, l\u00f6sz, helyenk\u00e9nt homok<\/p>\n<p data-start=\"1649\" data-end=\"1859\"><strong data-start=\"1649\" data-end=\"1665\">Technol\u00f3gia:<\/strong> k\u00e9zi sz\u00fcret, k\u00f6zepes idej\u0171 macer\u00e1ci\u00f3, redukt\u00edv feldolgoz\u00e1s, ir\u00e1ny\u00edtott erjeszt\u00e9s alacsony h\u0151m\u00e9rs\u00e9kleten, 3 h\u00f3nap \u00e9rlel\u00e9s finomsepr\u0151n rozsdamentes tart\u00e1lyban, egyszeri sz\u0171r\u00e9s palackoz\u00e1s el\u0151tt.<\/p>\n<p data-start=\"1861\" data-end=\"2104\"><strong data-start=\"1861\" data-end=\"1883\"><b>\u00cdz \u00e9s \u00e9rz\u00e9kszervi tulajdons\u00e1gok<\/b>:<\/strong><br data-start=\"1883\" data-end=\"1886\" \/>Teljes, kerek bor sz\u00e9les aromatik\u00e1val \u2013 z\u00f6ld vir\u00e1gos jegyek, \u00e9rett egzotikus gy\u00fcm\u00f6lcs\u00f6k, f\u0171szeres \u00e9s gy\u00fcm\u00f6lcs\u00f6s savakkal \u00e1tsz\u0151tt harm\u00f3ni\u00e1ban. Az esetleges bork\u0151 term\u00e9szetes jelens\u00e9g, nem befoly\u00e1solja a bor min\u0151s\u00e9g\u00e9t.<\/p>\n<p data-start=\"2106\" data-end=\"2328\"><strong data-start=\"2106\" data-end=\"2124\">\u00c9telp\u00e1ros\u00edt\u00e1s:<\/strong> f\u00fcst\u00f6lt \u00e9telek, prosciutto, s\u00fclt sert\u00e9sh\u00fas, \u00e1zsiai konyha, gomb\u00e1s rizott\u00f3, Muenster vagy kecskesajt.<br data-start=\"2225\" data-end=\"2228\" \/><strong data-start=\"2228\" data-end=\"2256\">Fogyaszt\u00e1si h\u0151m\u00e9rs\u00e9klet:<\/strong> 10\u201314 \u00b0C<br data-start=\"2265\" data-end=\"2268\" \/><strong data-start=\"2268\" data-end=\"2294\">Palack\u00e9retts\u00e9g:<\/strong> 2\u20138 \u00e9v<br data-start=\"2301\" data-end=\"2304\" \/><strong data-start=\"2304\" data-end=\"2319\">\u0170rtartalom:<\/strong> 0,75 l<\/p>\n","protected":false},"featured_media":7060,"template":"","meta":[],"yoast_head":"<!-- This site is optimized with the Yoast SEO plugin v15.6.2 - https:\/\/yoast.com\/wordpress\/plugins\/seo\/ -->\n<title>Tramini 2024 - Bonawinery<\/title>\n<meta name=\"robots\" content=\"index, follow, max-snippet:-1, max-image-preview:large, max-video-preview:-1\" \/>\n<link rel=\"canonical\" href=\"https:\/\/bonawinery.sk\/hu\/termek\/tramini-2024\/\" \/>\n<meta property=\"og:locale\" content=\"hu_HU\" \/>\n<meta property=\"og:type\" content=\"article\" \/>\n<meta property=\"og:title\" content=\"Tramini 2024 - Bonawinery\" \/>\n<meta property=\"og:description\" content=\"Oszt\u00e1lyoz\u00e1s: feh\u00e9rbor, sz\u00e1razBorcsal\u00e1d: FreshMustfok sz\u00fcretkor: 23,5 \u00b0NMAlkohol: 14 %Marad\u00e9kcukor: 2,6 g\/lSavtartalom: 5,45 g\/lSz\u0151l\u0151\u00fcltetv\u00e9ny: Szlov\u00e1kia, B\u00e1torkeszi, Szentl\u00e1szl\u00f3-d\u0171l\u0151Talaj: agyagos v\u00e1lyog, l\u00f6sz, helyenk\u00e9nt homok Technol\u00f3gia: k\u00e9zi sz\u00fcret, k\u00f6zepes idej\u0171 macer\u00e1ci\u00f3, redukt\u00edv feldolgoz\u00e1s, ir\u00e1ny\u00edtott erjeszt\u00e9s alacsony h\u0151m\u00e9rs\u00e9kleten, 3 h\u00f3nap \u00e9rlel\u00e9s finomsepr\u0151n rozsdamentes tart\u00e1lyban, egyszeri sz\u0171r\u00e9s palackoz\u00e1s el\u0151tt. \u00cdz \u00e9s \u00e9rz\u00e9kszervi tulajdons\u00e1gok:Teljes, kerek bor sz\u00e9les aromatik\u00e1val \u2013 z\u00f6ld vir\u00e1gos jegyek, \u00e9rett egzotikus gy\u00fcm\u00f6lcs\u00f6k, f\u0171szeres \u00e9s gy\u00fcm\u00f6lcs\u00f6s savakkal \u00e1tsz\u0151tt harm\u00f3ni\u00e1ban. Az esetleges bork\u0151 term\u00e9szetes jelens\u00e9g, nem befoly\u00e1solja a bor min\u0151s\u00e9g\u00e9t. \u00c9telp\u00e1ros\u00edt\u00e1s: f\u00fcst\u00f6lt \u00e9telek, prosciutto, s\u00fclt sert\u00e9sh\u00fas, \u00e1zsiai konyha, gomb\u00e1s rizott\u00f3, Muenster vagy kecskesajt.Fogyaszt\u00e1si h\u0151m\u00e9rs\u00e9klet: 10\u201314 \u00b0CPalack\u00e9retts\u00e9g: 2\u20138 \u00e9v\u0170rtartalom: 0,75 l\" \/>\n<meta property=\"og:url\" content=\"https:\/\/bonawinery.sk\/hu\/termek\/tramini-2024\/\" \/>\n<meta property=\"og:site_name\" content=\"Bonawinery\" \/>\n<meta property=\"article:modified_time\" content=\"2025-11-04T08:41:59+00:00\" \/>\n<meta property=\"og:image\" content=\"https:\/\/bonawinery.sk\/wp-content\/uploads\/2025\/09\/tramin-cerveny-24_2-scaled.jpg\" \/>\n\t<meta property=\"og:image:width\" content=\"1791\" \/>\n\t<meta property=\"og:image:height\" content=\"2560\" \/>\n<meta name=\"twitter:card\" content=\"summary_large_image\" \/>\n<script type=\"application\/ld+json\" class=\"yoast-schema-graph\">{\"@context\":\"https:\/\/schema.org\",\"@graph\":[{\"@type\":\"WebSite\",\"@id\":\"https:\/\/bonawinery.sk\/#website\",\"url\":\"https:\/\/bonawinery.sk\/\",\"name\":\"Bonawinery\",\"description\":\"Bonawinery\",\"potentialAction\":[{\"@type\":\"SearchAction\",\"target\":\"https:\/\/bonawinery.sk\/?s={search_term_string}\",\"query-input\":\"required name=search_term_string\"}],\"inLanguage\":\"hu\"},{\"@type\":\"ImageObject\",\"@id\":\"https:\/\/bonawinery.sk\/hu\/termek\/tramini-2024\/#primaryimage\",\"inLanguage\":\"hu\",\"url\":\"https:\/\/bonawinery.sk\/wp-content\/uploads\/2025\/09\/tramin-cerveny-24_2-scaled.jpg\",\"width\":1791,\"height\":2560},{\"@type\":\"WebPage\",\"@id\":\"https:\/\/bonawinery.sk\/hu\/termek\/tramini-2024\/#webpage\",\"url\":\"https:\/\/bonawinery.sk\/hu\/termek\/tramini-2024\/\",\"name\":\"Tramini 2024 - Bonawinery\",\"isPartOf\":{\"@id\":\"https:\/\/bonawinery.sk\/#website\"},\"primaryImageOfPage\":{\"@id\":\"https:\/\/bonawinery.sk\/hu\/termek\/tramini-2024\/#primaryimage\"},\"datePublished\":\"2025-11-04T08:39:33+00:00\",\"dateModified\":\"2025-11-04T08:41:59+00:00\",\"inLanguage\":\"hu\",\"potentialAction\":[{\"@type\":\"ReadAction\",\"target\":[\"https:\/\/bonawinery.sk\/hu\/termek\/tramini-2024\/\"]}]}]}<\/script>\n<!-- \/ Yoast SEO plugin. -->","_links":{"self":[{"href":"https:\/\/bonawinery.sk\/hu\/wp-json\/wp\/v2\/product\/7074"}],"collection":[{"href":"https:\/\/bonawinery.sk\/hu\/wp-json\/wp\/v2\/product"}],"about":[{"href":"https:\/\/bonawinery.sk\/hu\/wp-json\/wp\/v2\/types\/product"}],"wp:featuredmedia":[{"embeddable":true,"href":"https:\/\/bonawinery.sk\/hu\/wp-json\/wp\/v2\/media\/7060"}],"wp:attachment":[{"href":"https:\/\/bonawinery.sk\/hu\/wp-json\/wp\/v2\/media?parent=7074"}],"curies":[{"name":"wp","href":"https:\/\/api.w.org\/{rel}","templated":true}]}}