{"id":7072,"date":"2025-11-04T09:34:29","date_gmt":"2025-11-04T08:34:29","guid":{"rendered":"https:\/\/bonawinery.sk\/?post_type=product&#038;p=7072"},"modified":"2025-11-04T09:36:49","modified_gmt":"2025-11-04T08:36:49","slug":"inspiracia-2024","status":"publish","type":"product","link":"https:\/\/bonawinery.sk\/hu\/termek\/inspiracia-2024\/","title":{"rendered":"In\u0161pir\u00e1cia 2024"},"content":{"rendered":"","protected":false},"excerpt":{"rendered":"<p><b>Oszt\u00e1lyoz\u00e1s:<\/b> f\u00e9l\u00e9des feh\u00e9rbor<\/p>\n<p><b>Borcsal\u00e1d:<\/b> Fresh<\/p>\n<p><b>Sz\u0151l\u0151fajta:<\/b> Piros tramini (60%), Golden Muscat (40%)<\/p>\n<p><b>Mustfok:<\/b> 23 \u00b0NM<\/p>\n<p><b>Alkoholtartalom:<\/b> 11,5 %<\/p>\n<p><b>Marad\u00e9kcukor &#8211; tartalom:<\/b> 40 g\/l<\/p>\n<p><b>Savtartalom:<\/b> 6,8 g\/l<\/p>\n<p><b>Sz\u0151l\u0151hegy:<\/b> B\u00e1torkeszi &#8211; Szentl\u00e1szl\u00f3 d\u0171l\u0151<\/p>\n<p><b>Talaj: <\/b>agyagos v\u00e1lyog, l\u00f6sztalaj, bizonyos r\u00e9szeken homok<\/p>\n<p><b>Technol\u00f3gia: <\/b>k\u00e9zi sz\u00fcret, r\u00f6vid macer\u00e1ci\u00f3, redukt\u00edv feldolgoz\u00e1s, ir\u00e1ny\u00edtott erjeszt\u00e9s alacsony h\u0151m\u00e9rs\u00e9kleten, 3 h\u00f3nap \u00e9rlel\u00e9s finomsepr\u0151n rozsdamentes tart\u00e1lyban, egyszeri sz\u0171r\u00e9s palackoz\u00e1s el\u0151tt.<\/p>\n<p><b>\u00cdz \u00e9s \u00e9rz\u00e9kszervi tulajdons\u00e1gok: <\/b>Sz\u00e9les illat- \u00e9s \u00edzspektrum \u2013 j\u00e1zmin \u00e9s muskot\u00e1lyvir\u00e1g, narancs, feh\u00e9r ringl\u00f3, sz\u0151l\u0151barack, mang\u00f3 \u00e9s m\u00e9z. Friss savai j\u00e1t\u00e9kosan egyens\u00falyozz\u00e1k a magasabb cukortartalmat, kortyra cs\u00e1b\u00edt. Kifejezetten n\u0151ies st\u00edlus\u00fa bor.<\/p>\n<p><b>Bor \u2013 \u00e9tel p\u00e1ros\u00edt\u00e1s:<\/b> gy\u00fcm\u00f6lcs\u00f6s desszertek, barackos s\u00fctem\u00e9nyek, sajttort\u00e1k, zsel\u00e9s \u00e9dess\u00e9gek, k\u00e9kpen\u00e9szes sajtok.<\/p>\n<p><b>Felszolg\u00e1l\u00e1s:<\/b> 8 &#8211; 10 \u00b0C<\/p>\n<p><b>Palack\u00e9retts\u00e9g:<\/b> 1 &#8211; 5 \u00e9v<\/p>\n<p><b>\u0170rtartalom:<\/b> 0,75 L<\/p>\n<p>&nbsp;<\/p>\n","protected":false},"featured_media":7052,"template":"","meta":[],"yoast_head":"<!-- This site is optimized with the Yoast SEO plugin v15.6.2 - https:\/\/yoast.com\/wordpress\/plugins\/seo\/ -->\n<title>In\u0161pir\u00e1cia 2024 - Bonawinery<\/title>\n<meta name=\"robots\" content=\"index, follow, max-snippet:-1, max-image-preview:large, max-video-preview:-1\" \/>\n<link rel=\"canonical\" href=\"https:\/\/bonawinery.sk\/hu\/termek\/inspiracia-2024\/\" \/>\n<meta property=\"og:locale\" content=\"hu_HU\" \/>\n<meta property=\"og:type\" content=\"article\" \/>\n<meta property=\"og:title\" content=\"In\u0161pir\u00e1cia 2024 - Bonawinery\" \/>\n<meta property=\"og:description\" content=\"Oszt\u00e1lyoz\u00e1s: f\u00e9l\u00e9des feh\u00e9rbor  Borcsal\u00e1d: Fresh  Sz\u0151l\u0151fajta: Piros tramini (60%), Golden Muscat (40%)  Mustfok: 23 \u00b0NM  Alkoholtartalom: 11,5 %  Marad\u00e9kcukor - tartalom: 40 g\/l  Savtartalom: 6,8 g\/l  Sz\u0151l\u0151hegy: B\u00e1torkeszi - Szentl\u00e1szl\u00f3 d\u0171l\u0151  Talaj: agyagos v\u00e1lyog, l\u00f6sztalaj, bizonyos r\u00e9szeken homok  Technol\u00f3gia: k\u00e9zi sz\u00fcret, r\u00f6vid macer\u00e1ci\u00f3, redukt\u00edv feldolgoz\u00e1s, ir\u00e1ny\u00edtott erjeszt\u00e9s alacsony h\u0151m\u00e9rs\u00e9kleten, 3 h\u00f3nap \u00e9rlel\u00e9s finomsepr\u0151n rozsdamentes tart\u00e1lyban, egyszeri sz\u0171r\u00e9s palackoz\u00e1s el\u0151tt.  \u00cdz \u00e9s \u00e9rz\u00e9kszervi tulajdons\u00e1gok: Sz\u00e9les illat- \u00e9s \u00edzspektrum \u2013 j\u00e1zmin \u00e9s muskot\u00e1lyvir\u00e1g, narancs, feh\u00e9r ringl\u00f3, sz\u0151l\u0151barack, mang\u00f3 \u00e9s m\u00e9z. Friss savai j\u00e1t\u00e9kosan egyens\u00falyozz\u00e1k a magasabb cukortartalmat, kortyra cs\u00e1b\u00edt. Kifejezetten n\u0151ies st\u00edlus\u00fa bor.  Bor \u2013 \u00e9tel p\u00e1ros\u00edt\u00e1s: gy\u00fcm\u00f6lcs\u00f6s desszertek, barackos s\u00fctem\u00e9nyek, sajttort\u00e1k, zsel\u00e9s \u00e9dess\u00e9gek, k\u00e9kpen\u00e9szes sajtok.  Felszolg\u00e1l\u00e1s: 8 - 10 \u00b0C  Palack\u00e9retts\u00e9g: 1 - 5 \u00e9v  \u0170rtartalom: 0,75 L  &nbsp;\" \/>\n<meta property=\"og:url\" content=\"https:\/\/bonawinery.sk\/hu\/termek\/inspiracia-2024\/\" \/>\n<meta property=\"og:site_name\" content=\"Bonawinery\" \/>\n<meta property=\"article:modified_time\" content=\"2025-11-04T08:36:49+00:00\" \/>\n<meta property=\"og:image\" content=\"https:\/\/bonawinery.sk\/wp-content\/uploads\/2025\/09\/Ispiracia-24-scaled.jpg\" \/>\n\t<meta property=\"og:image:width\" content=\"1708\" \/>\n\t<meta property=\"og:image:height\" content=\"2560\" \/>\n<meta name=\"twitter:card\" content=\"summary_large_image\" \/>\n<script type=\"application\/ld+json\" class=\"yoast-schema-graph\">{\"@context\":\"https:\/\/schema.org\",\"@graph\":[{\"@type\":\"WebSite\",\"@id\":\"https:\/\/bonawinery.sk\/#website\",\"url\":\"https:\/\/bonawinery.sk\/\",\"name\":\"Bonawinery\",\"description\":\"Bonawinery\",\"potentialAction\":[{\"@type\":\"SearchAction\",\"target\":\"https:\/\/bonawinery.sk\/?s={search_term_string}\",\"query-input\":\"required name=search_term_string\"}],\"inLanguage\":\"hu\"},{\"@type\":\"ImageObject\",\"@id\":\"https:\/\/bonawinery.sk\/hu\/termek\/inspiracia-2024\/#primaryimage\",\"inLanguage\":\"hu\",\"url\":\"https:\/\/bonawinery.sk\/wp-content\/uploads\/2025\/09\/Ispiracia-24-scaled.jpg\",\"width\":1708,\"height\":2560},{\"@type\":\"WebPage\",\"@id\":\"https:\/\/bonawinery.sk\/hu\/termek\/inspiracia-2024\/#webpage\",\"url\":\"https:\/\/bonawinery.sk\/hu\/termek\/inspiracia-2024\/\",\"name\":\"In\\u0161pir\\u00e1cia 2024 - Bonawinery\",\"isPartOf\":{\"@id\":\"https:\/\/bonawinery.sk\/#website\"},\"primaryImageOfPage\":{\"@id\":\"https:\/\/bonawinery.sk\/hu\/termek\/inspiracia-2024\/#primaryimage\"},\"datePublished\":\"2025-11-04T08:34:29+00:00\",\"dateModified\":\"2025-11-04T08:36:49+00:00\",\"inLanguage\":\"hu\",\"potentialAction\":[{\"@type\":\"ReadAction\",\"target\":[\"https:\/\/bonawinery.sk\/hu\/termek\/inspiracia-2024\/\"]}]}]}<\/script>\n<!-- \/ Yoast SEO plugin. -->","_links":{"self":[{"href":"https:\/\/bonawinery.sk\/hu\/wp-json\/wp\/v2\/product\/7072"}],"collection":[{"href":"https:\/\/bonawinery.sk\/hu\/wp-json\/wp\/v2\/product"}],"about":[{"href":"https:\/\/bonawinery.sk\/hu\/wp-json\/wp\/v2\/types\/product"}],"wp:featuredmedia":[{"embeddable":true,"href":"https:\/\/bonawinery.sk\/hu\/wp-json\/wp\/v2\/media\/7052"}],"wp:attachment":[{"href":"https:\/\/bonawinery.sk\/hu\/wp-json\/wp\/v2\/media?parent=7072"}],"curies":[{"name":"wp","href":"https:\/\/api.w.org\/{rel}","templated":true}]}}