{"id":6830,"date":"2023-07-04T11:31:05","date_gmt":"2023-07-04T09:31:05","guid":{"rendered":"https:\/\/bonawinery.sk\/?post_type=product&#038;p=6830"},"modified":"2025-02-18T16:09:34","modified_gmt":"2025-02-18T15:09:34","slug":"bathory-white-blend-hu","status":"publish","type":"product","link":"https:\/\/bonawinery.sk\/hu\/termek\/bathory-white-blend-hu\/","title":{"rendered":"Bathory white blend I"},"content":{"rendered":"","protected":false},"excerpt":{"rendered":"<h5 style=\"margin: 0in; margin-bottom: .0001pt;\">Danube Wine Challenge 2023 -Silver medal<\/h5>\n<p>&nbsp;<\/p>\n<p><b>Oszt\u00e1lyoz\u00e1s:<\/b> Sz\u00e1raz feh\u00e9rbor<\/p>\n<p><b>Borcsal\u00e1d:<\/b> Bathory<\/p>\n<p><b>Sz\u0151l\u0151fajta:<\/b> Z\u00f6ldveltelini &#8217;21 (70%), Z\u00f6ldveltelini &#8217;20 (10%), Rajnai rizling (20%)<\/p>\n<p><b>Mustfok:<\/b> 22 \u00b0NM mindegyik fajt\u00e1n\u00e1l<\/p>\n<p><b>Alkoholtartalom:<\/b> 13 %<\/p>\n<p><b>Marad\u00e9kcukor &#8211; tartalom:<\/b> 2,3 g\/l<\/p>\n<p><b>Savtartalom:<\/b> 5,4 g\/l<\/p>\n<p><b>Sz\u0151l\u0151hegy:<\/b> B\u00e1torkeszi \u2013 Szentl\u00e1szl\u00f3 d\u0171l\u0151, organikus termel\u00e9s \u00e9s biol\u00f3giai n\u00f6v\u00e9nyv\u00e9delem<\/p>\n<p><b>Talaj:<\/b>Agyagos v\u00e1lyog, l\u00f6sztalaj, bizonyos r\u00e9szeken homok<\/p>\n<p><b>Technol\u00f3gia:<\/b>k\u00e9zi sz\u00fcret, <span style=\"color: #817c7b;\"><span style=\"font-family: Spectral, serif;\"><span style=\"font-size: medium;\">ir\u00e1ny\u00edtott erjed\u00e9s alacsonabb h\u0151fokon, \u00e9rlel\u00e9s 40 % \u00faj francia hord\u00f3ban sur lie met\u00f3dussal egy \u00e9vig, palackoz\u00e1s sz\u0171r\u00e9s n\u00e9lk\u00fcl<\/span><\/span><\/span><\/p>\n<p><b>\u00cdz \u00e9s \u00e9rz\u00e9kszervi tulajdons\u00e1gok: <\/b><span style=\"color: #817c7b;\"><span style=\"font-family: Spectral, serif;\"><span style=\"font-size: medium;\">A Z\u00f6ldveltelini &#8217;21 kiv\u00e1l\u00f3 min\u0151s\u00e9g\u0171nek, er\u0151sen f\u0171szeresnek bizonyult, mik\u00f6zben a talaj is <span style=\"color: #666666;\">megmutatkozott benne. Homokos-agyagtalajr\u00f3l sz\u00e1rmazik, ahogy Hamvas B\u00e9la \u00edrta<\/span><span style=\"color: #666666;\">: \u201eHa az ember homoki bort iszik, eg\u00e9szen apr\u00f3 csillagszemcs\u00e9kkel telik meg, s ezek a szemcs\u00e9k az ember v\u00e9r\u00e9ben t\u00e1ncolnak, mint a megelevenedett Tej\u00fat.\u201d &#8211; \u00e9s p<\/span><span style=\"color: #666666;\">o<\/span><span style=\"color: #666666;\">ntosan ez volt az \u00e9rz\u00e9s\u00fcnk a k\u00f3stol\u00e1s sor\u00e1n. A Z\u00f6ldveltelini &#8217;20 \u00e9s Rajnai rizling &#8217;22 borokkal er\u0151s\u00edtett\u00fcnk a bor test\u00e9n \u00e9s tart\u00e1s\u00e1n, hogy harmonikus, eleg\u00e1ns \u00e9s komoly bort hozzunk l\u00e9tre. Speci\u00e1lisan e<\/span>hhez a borhoz v\u00e1lasztottunk t\u00f6lgyfahord\u00f3t, amely eredet\u00e9nek \u00e9s feldolgoz\u00e1s\u00e1nak k\u00f6sz\u00f6nhet\u0151en n\u00f6veli a bor \u00e1sv\u00e1nyoss\u00e1g\u00e1t \u00e9s fajtajelleg\u00e9t. A finom sepr\u0151s \u00e9rlel\u00e9s is j\u00f3l \u00e9szrevehet\u0151, ami telts\u00e9get \u00e9s kr\u00e9mess\u00e9get k\u00f6lcs\u00f6n\u00f6z a bornak. Esetlegesen megjelen\u0151 \u00fcled\u00e9k vagy bork\u0151 term\u00e9szetes kiv\u00e1l\u00e1s eredm\u00e9nye \u00e9s nem befoly\u00e1solja a bor min\u0151s\u00e9g\u00e9t.<\/span><\/span><\/span><\/p>\n<p><b>Bor \u2013 \u00e9tel p\u00e1ros\u00edt\u00e1s: <\/b><span style=\"color: #817c7b;\"><span style=\"font-family: Spectral, serif;\"><span style=\"font-size: medium;\">tavaszi z\u00f6lds\u00e9gek \u00e9s bors mint alapanyag, sz\u0171zpecsenye, ravioli s\u00fct\u0151t\u00f6k sz\u00f3sszal, egzotikus f\u0171szerek, kr\u00e9mlevesek, \u00e1zsiai konyha<\/span><\/span><\/span><\/p>\n<p><b>Felszolg\u00e1l\u00e1s:<\/b> 10 &#8211; 12 \u00b0C<\/p>\n<p><b>Palack\u00e9retts\u00e9g:<\/b> 2 \u2013 8 \u00e9v<\/p>\n<p><b>\u0170rtartalom:<\/b> 0,75 L<\/p>\n","protected":false},"featured_media":6868,"template":"","meta":[],"yoast_head":"<!-- This site is optimized with the Yoast SEO plugin v15.6.2 - https:\/\/yoast.com\/wordpress\/plugins\/seo\/ -->\n<title>Bathory white blend I - Bonawinery<\/title>\n<meta name=\"robots\" content=\"index, follow, max-snippet:-1, max-image-preview:large, max-video-preview:-1\" \/>\n<link rel=\"canonical\" href=\"https:\/\/bonawinery.sk\/hu\/termek\/bathory-white-blend-hu\/\" \/>\n<meta property=\"og:locale\" content=\"hu_HU\" \/>\n<meta property=\"og:type\" content=\"article\" \/>\n<meta property=\"og:title\" content=\"Bathory white blend I - Bonawinery\" \/>\n<meta property=\"og:description\" content=\"Danube Wine Challenge 2023 -Silver medal &nbsp;  Oszt\u00e1lyoz\u00e1s: Sz\u00e1raz feh\u00e9rbor  Borcsal\u00e1d: Bathory  Sz\u0151l\u0151fajta: Z\u00f6ldveltelini &#039;21 (70%), Z\u00f6ldveltelini &#039;20 (10%), Rajnai rizling (20%)  Mustfok: 22 \u00b0NM mindegyik fajt\u00e1n\u00e1l  Alkoholtartalom: 13 %  Marad\u00e9kcukor - tartalom: 2,3 g\/l  Savtartalom: 5,4 g\/l  Sz\u0151l\u0151hegy: B\u00e1torkeszi \u2013 Szentl\u00e1szl\u00f3 d\u0171l\u0151, organikus termel\u00e9s \u00e9s biol\u00f3giai n\u00f6v\u00e9nyv\u00e9delem  Talaj:Agyagos v\u00e1lyog, l\u00f6sztalaj, bizonyos r\u00e9szeken homok  Technol\u00f3gia:k\u00e9zi sz\u00fcret, ir\u00e1ny\u00edtott erjed\u00e9s alacsonabb h\u0151fokon, \u00e9rlel\u00e9s 40 % \u00faj francia hord\u00f3ban sur lie met\u00f3dussal egy \u00e9vig, palackoz\u00e1s sz\u0171r\u00e9s n\u00e9lk\u00fcl  \u00cdz \u00e9s \u00e9rz\u00e9kszervi tulajdons\u00e1gok: A Z\u00f6ldveltelini &#039;21 kiv\u00e1l\u00f3 min\u0151s\u00e9g\u0171nek, er\u0151sen f\u0171szeresnek bizonyult, mik\u00f6zben a talaj is megmutatkozott benne. Homokos-agyagtalajr\u00f3l sz\u00e1rmazik, ahogy Hamvas B\u00e9la \u00edrta: \u201eHa az ember homoki bort iszik, eg\u00e9szen apr\u00f3 csillagszemcs\u00e9kkel telik meg, s ezek a szemcs\u00e9k az ember v\u00e9r\u00e9ben t\u00e1ncolnak, mint a megelevenedett Tej\u00fat.\u201d - \u00e9s pontosan ez volt az \u00e9rz\u00e9s\u00fcnk a k\u00f3stol\u00e1s sor\u00e1n. A Z\u00f6ldveltelini &#039;20 \u00e9s Rajnai rizling &#039;22 borokkal er\u0151s\u00edtett\u00fcnk a bor test\u00e9n \u00e9s tart\u00e1s\u00e1n, hogy harmonikus, eleg\u00e1ns \u00e9s komoly bort hozzunk l\u00e9tre. Speci\u00e1lisan ehhez a borhoz v\u00e1lasztottunk t\u00f6lgyfahord\u00f3t, amely eredet\u00e9nek \u00e9s feldolgoz\u00e1s\u00e1nak k\u00f6sz\u00f6nhet\u0151en n\u00f6veli a bor \u00e1sv\u00e1nyoss\u00e1g\u00e1t \u00e9s fajtajelleg\u00e9t. A finom sepr\u0151s \u00e9rlel\u00e9s is j\u00f3l \u00e9szrevehet\u0151, ami telts\u00e9get \u00e9s kr\u00e9mess\u00e9get k\u00f6lcs\u00f6n\u00f6z a bornak. Esetlegesen megjelen\u0151 \u00fcled\u00e9k vagy bork\u0151 term\u00e9szetes kiv\u00e1l\u00e1s eredm\u00e9nye \u00e9s nem befoly\u00e1solja a bor min\u0151s\u00e9g\u00e9t.  Bor \u2013 \u00e9tel p\u00e1ros\u00edt\u00e1s: tavaszi z\u00f6lds\u00e9gek \u00e9s bors mint alapanyag, sz\u0171zpecsenye, ravioli s\u00fct\u0151t\u00f6k sz\u00f3sszal, egzotikus f\u0171szerek, kr\u00e9mlevesek, \u00e1zsiai konyha  Felszolg\u00e1l\u00e1s: 10 - 12 \u00b0C  Palack\u00e9retts\u00e9g: 2 \u2013 8 \u00e9v  \u0170rtartalom: 0,75 L\" \/>\n<meta property=\"og:url\" content=\"https:\/\/bonawinery.sk\/hu\/termek\/bathory-white-blend-hu\/\" \/>\n<meta property=\"og:site_name\" content=\"Bonawinery\" \/>\n<meta property=\"article:modified_time\" content=\"2025-02-18T15:09:34+00:00\" \/>\n<meta property=\"og:image\" content=\"https:\/\/bonawinery.sk\/wp-content\/uploads\/2023\/07\/Bona-Winery_Bathory_White-blend-I_07-2023-s-medailou-scaled.jpg\" \/>\n\t<meta property=\"og:image:width\" content=\"1791\" \/>\n\t<meta property=\"og:image:height\" content=\"2560\" \/>\n<meta name=\"twitter:card\" content=\"summary_large_image\" \/>\n<script type=\"application\/ld+json\" class=\"yoast-schema-graph\">{\"@context\":\"https:\/\/schema.org\",\"@graph\":[{\"@type\":\"WebSite\",\"@id\":\"https:\/\/bonawinery.sk\/#website\",\"url\":\"https:\/\/bonawinery.sk\/\",\"name\":\"Bonawinery\",\"description\":\"Bonawinery\",\"potentialAction\":[{\"@type\":\"SearchAction\",\"target\":\"https:\/\/bonawinery.sk\/?s={search_term_string}\",\"query-input\":\"required name=search_term_string\"}],\"inLanguage\":\"hu\"},{\"@type\":\"ImageObject\",\"@id\":\"https:\/\/bonawinery.sk\/hu\/termek\/bathory-white-blend-hu\/#primaryimage\",\"inLanguage\":\"hu\",\"url\":\"https:\/\/bonawinery.sk\/wp-content\/uploads\/2023\/07\/Bona-Winery_Bathory_White-blend-I_07-2023-s-medailou-scaled.jpg\",\"width\":1791,\"height\":2560},{\"@type\":\"WebPage\",\"@id\":\"https:\/\/bonawinery.sk\/hu\/termek\/bathory-white-blend-hu\/#webpage\",\"url\":\"https:\/\/bonawinery.sk\/hu\/termek\/bathory-white-blend-hu\/\",\"name\":\"Bathory white blend I - Bonawinery\",\"isPartOf\":{\"@id\":\"https:\/\/bonawinery.sk\/#website\"},\"primaryImageOfPage\":{\"@id\":\"https:\/\/bonawinery.sk\/hu\/termek\/bathory-white-blend-hu\/#primaryimage\"},\"datePublished\":\"2023-07-04T09:31:05+00:00\",\"dateModified\":\"2025-02-18T15:09:34+00:00\",\"inLanguage\":\"hu\",\"potentialAction\":[{\"@type\":\"ReadAction\",\"target\":[\"https:\/\/bonawinery.sk\/hu\/termek\/bathory-white-blend-hu\/\"]}]}]}<\/script>\n<!-- \/ Yoast SEO plugin. -->","_links":{"self":[{"href":"https:\/\/bonawinery.sk\/hu\/wp-json\/wp\/v2\/product\/6830"}],"collection":[{"href":"https:\/\/bonawinery.sk\/hu\/wp-json\/wp\/v2\/product"}],"about":[{"href":"https:\/\/bonawinery.sk\/hu\/wp-json\/wp\/v2\/types\/product"}],"wp:featuredmedia":[{"embeddable":true,"href":"https:\/\/bonawinery.sk\/hu\/wp-json\/wp\/v2\/media\/6868"}],"wp:attachment":[{"href":"https:\/\/bonawinery.sk\/hu\/wp-json\/wp\/v2\/media?parent=6830"}],"curies":[{"name":"wp","href":"https:\/\/api.w.org\/{rel}","templated":true}]}}