{"id":6825,"date":"2023-07-04T11:00:20","date_gmt":"2023-07-04T09:00:20","guid":{"rendered":"https:\/\/bonawinery.sk\/?post_type=product&#038;p=6825"},"modified":"2025-02-18T16:09:58","modified_gmt":"2025-02-18T15:09:58","slug":"inspiracia-frizzante-2022","status":"publish","type":"product","link":"https:\/\/bonawinery.sk\/hu\/termek\/inspiracia-frizzante-2022\/","title":{"rendered":"In\u0161pir\u00e1cia frizzante 2022"},"content":{"rendered":"","protected":false},"excerpt":{"rendered":"<p><b>Oszt\u00e1lyoz\u00e1s:<\/b> f\u00e9l\u00e9des feh\u00e9r gy\u00f6ngy\u00f6z\u0151bor<\/p>\n<p><b>Borcsal\u00e1d:<\/b> Fresh<\/p>\n<p><b>Sz\u0151l\u0151fajta:<\/b> Piros tramini (65%), Golden Muscat (35%)<\/p>\n<p><b>Mustfok:<\/b> 22,5 \u00b0NM<\/p>\n<p><b>Sz\u00fcret id\u0151pontja:<\/b> 2022.9.20.<\/p>\n<p><b>Alkoholtartalom:<\/b> 12,5 %<\/p>\n<p><b>Marad\u00e9kcukor &#8211; tartalom:<\/b> 20,6 g\/l<\/p>\n<p><b>Savtartalom:<\/b> 6,61 g\/l<\/p>\n<p><b>Sz\u0151l\u0151hegy:<\/b> B\u00e1torkeszi &#8211; Szentl\u00e1szl\u00f3 d\u0171l\u0151, organikus termel\u00e9s \u00e9s biol\u00f3giai n\u00f6v\u00e9nyv\u00e9delem<\/p>\n<p><b>Talaj: <\/b>agyagos v\u00e1lyog, l\u00f6sztalaj, bizonyos r\u00e9szeken homok<\/p>\n<p><b>Technol\u00f3gia:<\/b>k\u00e9zi sz\u00fcret, r\u00f6vid macer\u00e1ci\u00f3, redukt\u00edv feldolgoz\u00e1s, ir\u00e1ny\u00edtott erjeszt\u00e9s alacsonyabb h\u0151fokon, ac\u00e9ltart\u00e1lyos \u00e9rlel\u00e9s, 3 h\u00f3nap finomsepr\u0151n tart\u00e1s, egyetlen sz\u0171r\u00e9s palackoz\u00e1s el\u0151tt, sz\u00e9ndioxid hozz\u00e1ad\u00e1sa palackoz\u00e1skor<\/p>\n<p><b>\u00cdz \u00e9s \u00e9rz\u00e9kszervi tulajdons\u00e1gok: <\/b><span style=\"color: #817c7b;\"><span style=\"font-family: Spectral, serif;\"><span style=\"font-size: medium;\">\u00cdz \u00e9s illatanyagok sz\u00e9les sk\u00e1l\u00e1ja \u2013 j\u00e1zminvir\u00e1g, szerecsendi\u00f3, narancs, ringl\u00f3szilva, parasztbarack, mang\u00f3, m\u00e9z. Savtartalma j\u00e1tszva tartsa \u00e9letben magasabb marad\u00e9kcukor-tartalma ellen\u00e9re, \u00e9s egy nagyon j\u00f3 iv\u00e1s\u00fa f\u00e9l\u00e9des bort hoz l\u00e9tre. Ha l\u00e9tezik feminin t\u00edpus\u00fa bor, akkor ez az. <\/span><\/span><\/span><span style=\"color: #817c7b;\"><span style=\"font-family: Spectral, serif;\"><span style=\"font-size: medium;\">Hozz\u00e1adott sz\u00e9ndioxid \u2013 tartalma csak r\u00e1j\u00e1tszik friss\u00edt\u0151 st\u00edlus\u00e1ra.<\/span><\/span><\/span><b><\/b>\u00a0Esetleges bork\u0151kiv\u00e1l\u00e1s term\u00e9szetes folyamat eredm\u00e9nye, a bor min\u0151s\u00e9g\u00e9t nem befoly\u00e1solja.<\/p>\n<p><b>Bor \u2013 \u00e9tel p\u00e1ros\u00edt\u00e1s:<\/b> \u00e9des \u00e9telek \u2013 gy\u00fcm\u00f6lcs\u00f6s, f\u0151k\u00e9pp barackos desszertek, cheesecake, zselatintort\u00e1k \u00e9s s\u00fctem\u00e9nyek, ak\u00e1r aperitifk\u00e9nt is felszolg\u00e1lhat\u00f3<\/p>\n<p><b>Felszolg\u00e1l\u00e1s:<\/b> 8 &#8211; 10 \u00b0C<\/p>\n<p><b>Palack\u00e9retts\u00e9g:<\/b> 1 &#8211; 3 \u00e9v<\/p>\n<p><b>\u0170rtartalom:<\/b> 0,75 L<\/p>\n<p><span style=\"color: #817c7b;\"><span style=\"font-family: Spectral, serif;\"><span style=\"font-size: medium;\">Hisztaminra \u00e9rz\u00e9kenyeknek aj\u00e1nlott bor (kevesebb mint 0,25mg\/l \u00f6ssztartalom).<\/span><\/span><\/span><\/p>\n","protected":false},"featured_media":6872,"template":"","meta":[],"yoast_head":"<!-- This site is optimized with the Yoast SEO plugin v15.6.2 - https:\/\/yoast.com\/wordpress\/plugins\/seo\/ -->\n<title>In\u0161pir\u00e1cia frizzante 2022 - Bonawinery<\/title>\n<meta name=\"robots\" content=\"index, follow, max-snippet:-1, max-image-preview:large, max-video-preview:-1\" \/>\n<link rel=\"canonical\" href=\"https:\/\/bonawinery.sk\/hu\/termek\/inspiracia-frizzante-2022\/\" \/>\n<meta property=\"og:locale\" content=\"hu_HU\" \/>\n<meta property=\"og:type\" content=\"article\" \/>\n<meta property=\"og:title\" content=\"In\u0161pir\u00e1cia frizzante 2022 - Bonawinery\" \/>\n<meta property=\"og:description\" content=\"Oszt\u00e1lyoz\u00e1s: f\u00e9l\u00e9des feh\u00e9r gy\u00f6ngy\u00f6z\u0151bor  Borcsal\u00e1d: Fresh  Sz\u0151l\u0151fajta: Piros tramini (65%), Golden Muscat (35%)  Mustfok: 22,5 \u00b0NM  Sz\u00fcret id\u0151pontja: 2022.9.20.  Alkoholtartalom: 12,5 %  Marad\u00e9kcukor - tartalom: 20,6 g\/l  Savtartalom: 6,61 g\/l  Sz\u0151l\u0151hegy: B\u00e1torkeszi - Szentl\u00e1szl\u00f3 d\u0171l\u0151, organikus termel\u00e9s \u00e9s biol\u00f3giai n\u00f6v\u00e9nyv\u00e9delem  Talaj: agyagos v\u00e1lyog, l\u00f6sztalaj, bizonyos r\u00e9szeken homok  Technol\u00f3gia:k\u00e9zi sz\u00fcret, r\u00f6vid macer\u00e1ci\u00f3, redukt\u00edv feldolgoz\u00e1s, ir\u00e1ny\u00edtott erjeszt\u00e9s alacsonyabb h\u0151fokon, ac\u00e9ltart\u00e1lyos \u00e9rlel\u00e9s, 3 h\u00f3nap finomsepr\u0151n tart\u00e1s, egyetlen sz\u0171r\u00e9s palackoz\u00e1s el\u0151tt, sz\u00e9ndioxid hozz\u00e1ad\u00e1sa palackoz\u00e1skor  \u00cdz \u00e9s \u00e9rz\u00e9kszervi tulajdons\u00e1gok: \u00cdz \u00e9s illatanyagok sz\u00e9les sk\u00e1l\u00e1ja \u2013 j\u00e1zminvir\u00e1g, szerecsendi\u00f3, narancs, ringl\u00f3szilva, parasztbarack, mang\u00f3, m\u00e9z. Savtartalma j\u00e1tszva tartsa \u00e9letben magasabb marad\u00e9kcukor-tartalma ellen\u00e9re, \u00e9s egy nagyon j\u00f3 iv\u00e1s\u00fa f\u00e9l\u00e9des bort hoz l\u00e9tre. Ha l\u00e9tezik feminin t\u00edpus\u00fa bor, akkor ez az. Hozz\u00e1adott sz\u00e9ndioxid \u2013 tartalma csak r\u00e1j\u00e1tszik friss\u00edt\u0151 st\u00edlus\u00e1ra.\u00a0Esetleges bork\u0151kiv\u00e1l\u00e1s term\u00e9szetes folyamat eredm\u00e9nye, a bor min\u0151s\u00e9g\u00e9t nem befoly\u00e1solja.  Bor \u2013 \u00e9tel p\u00e1ros\u00edt\u00e1s: \u00e9des \u00e9telek \u2013 gy\u00fcm\u00f6lcs\u00f6s, f\u0151k\u00e9pp barackos desszertek, cheesecake, zselatintort\u00e1k \u00e9s s\u00fctem\u00e9nyek, ak\u00e1r aperitifk\u00e9nt is felszolg\u00e1lhat\u00f3  Felszolg\u00e1l\u00e1s: 8 - 10 \u00b0C  Palack\u00e9retts\u00e9g: 1 - 3 \u00e9v  \u0170rtartalom: 0,75 L  Hisztaminra \u00e9rz\u00e9kenyeknek aj\u00e1nlott bor (kevesebb mint 0,25mg\/l \u00f6ssztartalom).\" \/>\n<meta property=\"og:url\" content=\"https:\/\/bonawinery.sk\/hu\/termek\/inspiracia-frizzante-2022\/\" \/>\n<meta property=\"og:site_name\" content=\"Bonawinery\" \/>\n<meta property=\"article:modified_time\" content=\"2025-02-18T15:09:58+00:00\" \/>\n<meta property=\"og:image\" content=\"https:\/\/bonawinery.sk\/wp-content\/uploads\/2023\/07\/Bona-Winery_Inspiracia-Frizzante_07-2023-viac-do-zlta-v2-scaled.jpg\" \/>\n\t<meta property=\"og:image:width\" content=\"1791\" \/>\n\t<meta property=\"og:image:height\" content=\"2560\" \/>\n<meta name=\"twitter:card\" content=\"summary_large_image\" \/>\n<script type=\"application\/ld+json\" class=\"yoast-schema-graph\">{\"@context\":\"https:\/\/schema.org\",\"@graph\":[{\"@type\":\"WebSite\",\"@id\":\"https:\/\/bonawinery.sk\/#website\",\"url\":\"https:\/\/bonawinery.sk\/\",\"name\":\"Bonawinery\",\"description\":\"Bonawinery\",\"potentialAction\":[{\"@type\":\"SearchAction\",\"target\":\"https:\/\/bonawinery.sk\/?s={search_term_string}\",\"query-input\":\"required name=search_term_string\"}],\"inLanguage\":\"hu\"},{\"@type\":\"ImageObject\",\"@id\":\"https:\/\/bonawinery.sk\/hu\/termek\/inspiracia-frizzante-2022\/#primaryimage\",\"inLanguage\":\"hu\",\"url\":\"https:\/\/bonawinery.sk\/wp-content\/uploads\/2023\/07\/Bona-Winery_Inspiracia-Frizzante_07-2023-viac-do-zlta-v2-scaled.jpg\",\"width\":1791,\"height\":2560},{\"@type\":\"WebPage\",\"@id\":\"https:\/\/bonawinery.sk\/hu\/termek\/inspiracia-frizzante-2022\/#webpage\",\"url\":\"https:\/\/bonawinery.sk\/hu\/termek\/inspiracia-frizzante-2022\/\",\"name\":\"In\\u0161pir\\u00e1cia frizzante 2022 - Bonawinery\",\"isPartOf\":{\"@id\":\"https:\/\/bonawinery.sk\/#website\"},\"primaryImageOfPage\":{\"@id\":\"https:\/\/bonawinery.sk\/hu\/termek\/inspiracia-frizzante-2022\/#primaryimage\"},\"datePublished\":\"2023-07-04T09:00:20+00:00\",\"dateModified\":\"2025-02-18T15:09:58+00:00\",\"inLanguage\":\"hu\",\"potentialAction\":[{\"@type\":\"ReadAction\",\"target\":[\"https:\/\/bonawinery.sk\/hu\/termek\/inspiracia-frizzante-2022\/\"]}]}]}<\/script>\n<!-- \/ Yoast SEO plugin. -->","_links":{"self":[{"href":"https:\/\/bonawinery.sk\/hu\/wp-json\/wp\/v2\/product\/6825"}],"collection":[{"href":"https:\/\/bonawinery.sk\/hu\/wp-json\/wp\/v2\/product"}],"about":[{"href":"https:\/\/bonawinery.sk\/hu\/wp-json\/wp\/v2\/types\/product"}],"wp:featuredmedia":[{"embeddable":true,"href":"https:\/\/bonawinery.sk\/hu\/wp-json\/wp\/v2\/media\/6872"}],"wp:attachment":[{"href":"https:\/\/bonawinery.sk\/hu\/wp-json\/wp\/v2\/media?parent=6825"}],"curies":[{"name":"wp","href":"https:\/\/api.w.org\/{rel}","templated":true}]}}