{"id":5540,"date":"2020-04-28T15:14:06","date_gmt":"2020-04-28T13:14:06","guid":{"rendered":"https:\/\/bonawinery.mediachain.eu\/degustacie-a-ubytovanie-hu\/"},"modified":"2021-04-19T09:59:19","modified_gmt":"2021-04-19T07:59:19","slug":"borkostolo-es-szallas","status":"publish","type":"page","link":"https:\/\/bonawinery.sk\/hu\/borkostolo-es-szallas\/","title":{"rendered":"Bork\u00f3stol\u00f3 \u00e9s Sz\u00e1ll\u00e1s"},"content":{"rendered":"<p>[vc_row row_content_width=&#8221;grid&#8221;][vc_column][vc_empty_space height=&#8221;22px&#8221;]<div class=\"qodef-shortcode qodef-m  qodef-section-title qodef-alignment--center \">\n\t\t<h2 class=\"qodef-m-title\" >\n\t\tBORK\u00d3STOL\u00d3\t\t<\/h2>\n\t\t<\/div>[vc_empty_space height=&#8221;22px&#8221;][vc_column_text]<\/p>\n<p style=\"text-align: center;\">\u00d6r\u00f6mmel l\u00e1tjuk vend\u00e9g\u00fcl! Ha megj\u00f6tt a kedve egy s\u00e9t\u00e1ra a sz\u0151l\u0151\u00fcltetv\u00e9nyek k\u00f6z\u00f6tt, egy vezetett bork\u00f3stol\u00f3ra, ahol k\u00f6zvetlen\u00fcl a pinc\u00e9nkb\u0151l k\u00f3stolhatj\u00e1k meg finomabbn\u00e1l finomabb borainkat, akkor \u00e1llunk rendelkez\u00e9s\u00fckre. V\u00e1rjuk szeretettel a csal\u00e1dokat, bar\u00e1tokat \u00e9s c\u00e9geket, hogy megtapasztalj\u00e1k a Szentl\u00e1szl\u00f3 D\u0171l\u0151 hangulatos l\u00e9gk\u00f6r\u00e9t.<\/p>\n<p style=\"text-align: center;\">A borkostol\u00f3 keretein bel\u00fcl k\u00f6rbevezetj\u00fck \u00d6n\u00f6ket a sz\u0151l\u0151hegyen, megmutatjuk, hogy dolgozzuk fel a sz\u0151l\u0151t \u00e9s hogy sz\u00fcletnek n\u00e1lunk a borok. K\u00f3stol\u00f3 helyis\u00e9g\u00fcnk 20 f\u0151 befogad\u00e1s\u00e1ra alkalmas, de legkevesebb 4 f\u0151vel is sz\u00edvesen l\u00e1tjuk \u00d6n\u00f6ket. A negyedik emeleten lev\u0151 k\u00f3stol\u00f3 helyis\u00e9gb\u0151l p\u00e1ratlan \u00a0teljes panor\u00e1m\u00e1s kil\u00e1t\u00e1s ny\u00edlik a \u00a0Szentl\u00e1szl\u00f3 D\u0171l\u0151re.<\/p>\n<p style=\"text-align: center;\">Ig\u00e9ny eset\u00e9n biztos\u00edtunk hidegt\u00e1lat, diszn\u00f3toros specialit\u00e1sokat, borvacsor\u00e1t, vagy ak\u00e1r reggelit is.<\/p>\n<p>[\/vc_column_text][vc_empty_space height=&#8221;22px&#8221;]<div class=\"qodef-shortcode qodef-m  qodef-image-gallery  qodef-grid qodef-layout--columns  qodef-gutter--tiny qodef-col-num--4   qodef-responsive--predefined\">\n\t<div class=\"qodef-grid-inner clear\">\n\t\t<div class=\"qodef-e qodef-image-wrapper qodef-grid-item\">\n\t\t\t\t<img src=\"https:\/\/bonawinery.sk\/wp-content\/uploads\/2020\/04\/72428897_2737113772974025_7275755611097137152_n-1-rotated-600x600.jpg\" alt=\"\" width=\"600\" height=\"600\" \/>\t\t\t<\/div><div class=\"qodef-e qodef-image-wrapper qodef-grid-item\">\n\t\t\t\t<img src=\"https:\/\/bonawinery.sk\/wp-content\/uploads\/2020\/04\/s4m-600x600.jpg\" alt=\"\" width=\"600\" height=\"600\" \/>\t\t\t<\/div><div class=\"qodef-e qodef-image-wrapper qodef-grid-item\">\n\t\t\t\t<img src=\"https:\/\/bonawinery.sk\/wp-content\/uploads\/2020\/04\/60947391_2490159694336102_6290055303790592000_o-600x600.jpg\" alt=\"\" width=\"600\" height=\"600\" \/>\t\t\t<\/div><div class=\"qodef-e qodef-image-wrapper qodef-grid-item\">\n\t\t\t\t<img src=\"https:\/\/bonawinery.sk\/wp-content\/uploads\/2020\/05\/71337987_2737113686307367_6064341496641880064_o-600x600.jpg\" alt=\"\" width=\"600\" height=\"600\" \/>\t\t\t<\/div>\t<\/div>\n<\/div>[vc_empty_space height=&#8221;60px&#8221;]<div class=\"qodef-shortcode qodef-m  qodef-section-title qodef-alignment--center \">\n\t\t<h2 class=\"qodef-m-title\" >\n\t\tSZ\u00c1LL\u00c1S\t\t<\/h2>\n\t\t<\/div>[vc_empty_space height=&#8221;22px&#8221;][vc_column_text]<\/p>\n<p style=\"text-align: center;\">Sz\u00e1lljanak meg vend\u00e9gh\u00e1zunkban a bork\u00f3stol\u00f3 ut\u00e1n. A k\u00f6rnyez\u0151 vend\u00e9gh\u00e1zakkal \u00e9s panzi\u00f3kkal val\u00f3 egy\u00fcttm\u0171k\u00f6d\u00e9snek k\u00f6sz\u00f6nhet\u0151en a nagyobb csoportoknak sem kell az \u00e9jszakai haza utaz\u00e1ssal bajl\u00f3dniuk.<\/p>\n<p>[\/vc_column_text][vc_empty_space height=&#8221;22px&#8221;]<div class=\"qodef-shortcode qodef-m  qodef-image-gallery  qodef-grid qodef-layout--columns  qodef-gutter--tiny qodef-col-num--4   qodef-responsive--predefined\">\n\t<div class=\"qodef-grid-inner clear\">\n\t\t<div class=\"qodef-e qodef-image-wrapper qodef-grid-item\">\n\t\t\t\t<img src=\"https:\/\/bonawinery.sk\/wp-content\/uploads\/2020\/04\/penzion-600x600.jpg\" alt=\"\" width=\"600\" height=\"600\" \/>\t\t\t<\/div><div class=\"qodef-e qodef-image-wrapper qodef-grid-item\">\n\t\t\t\t<img src=\"https:\/\/bonawinery.sk\/wp-content\/uploads\/2020\/04\/spalna-600x600.jpg\" alt=\"\" width=\"600\" height=\"600\" \/>\t\t\t<\/div><div class=\"qodef-e qodef-image-wrapper qodef-grid-item\">\n\t\t\t\t<img src=\"https:\/\/bonawinery.sk\/wp-content\/uploads\/2020\/04\/s3m-600x600.jpg\" alt=\"\" width=\"600\" height=\"600\" \/>\t\t\t<\/div><div class=\"qodef-e qodef-image-wrapper qodef-grid-item\">\n\t\t\t\t<img src=\"https:\/\/bonawinery.sk\/wp-content\/uploads\/2020\/04\/kupelna-600x600.jpg\" alt=\"\" width=\"600\" height=\"600\" \/>\t\t\t<\/div>\t<\/div>\n<\/div>[\/vc_column][\/vc_row]<\/p>\n","protected":false},"excerpt":{"rendered":"<p>[vc_row row_content_width=&#8221;grid&#8221;][vc_column][vc_empty_space height=&#8221;22px&#8221;][vc_empty_space height=&#8221;22px&#8221;][vc_column_text] \u00d6r\u00f6mmel l\u00e1tjuk vend\u00e9g\u00fcl! Ha megj\u00f6tt a kedve egy s\u00e9t\u00e1ra a sz\u0151l\u0151\u00fcltetv\u00e9nyek k\u00f6z\u00f6tt, egy vezetett bork\u00f3stol\u00f3ra, ahol k\u00f6zvetlen\u00fcl a pinc\u00e9nkb\u0151l k\u00f3stolhatj\u00e1k meg finomabbn\u00e1l finomabb borainkat, akkor \u00e1llunk rendelkez\u00e9s\u00fckre. V\u00e1rjuk szeretettel a csal\u00e1dokat, bar\u00e1tokat \u00e9s c\u00e9geket, hogy megtapasztalj\u00e1k a Szentl\u00e1szl\u00f3 D\u0171l\u0151 hangulatos l\u00e9gk\u00f6r\u00e9t. A borkostol\u00f3 keretein bel\u00fcl k\u00f6rbevezetj\u00fck \u00d6n\u00f6ket a sz\u0151l\u0151hegyen, megmutatjuk, hogy [&hellip;]<\/p>\n","protected":false},"author":4,"featured_media":0,"parent":0,"menu_order":0,"comment_status":"closed","ping_status":"closed","template":"page-full-width.php","meta":[],"yoast_head":"<!-- This site is optimized with the Yoast SEO plugin v15.6.2 - https:\/\/yoast.com\/wordpress\/plugins\/seo\/ -->\n<title>Bork\u00f3stol\u00f3 \u00e9s Sz\u00e1ll\u00e1s - Bonawinery<\/title>\n<meta name=\"robots\" content=\"index, follow, max-snippet:-1, max-image-preview:large, max-video-preview:-1\" \/>\n<link rel=\"canonical\" href=\"https:\/\/bonawinery.sk\/hu\/borkostolo-es-szallas\/\" \/>\n<meta property=\"og:locale\" content=\"hu_HU\" \/>\n<meta property=\"og:type\" content=\"article\" \/>\n<meta property=\"og:title\" content=\"Bork\u00f3stol\u00f3 \u00e9s Sz\u00e1ll\u00e1s - Bonawinery\" \/>\n<meta property=\"og:description\" content=\"[vc_row row_content_width=&#8221;grid&#8221;][vc_column][vc_empty_space height=&#8221;22px&#8221;][vc_empty_space height=&#8221;22px&#8221;][vc_column_text] \u00d6r\u00f6mmel l\u00e1tjuk vend\u00e9g\u00fcl! Ha megj\u00f6tt a kedve egy s\u00e9t\u00e1ra a sz\u0151l\u0151\u00fcltetv\u00e9nyek k\u00f6z\u00f6tt, egy vezetett bork\u00f3stol\u00f3ra, ahol k\u00f6zvetlen\u00fcl a pinc\u00e9nkb\u0151l k\u00f3stolhatj\u00e1k meg finomabbn\u00e1l finomabb borainkat, akkor \u00e1llunk rendelkez\u00e9s\u00fckre. V\u00e1rjuk szeretettel a csal\u00e1dokat, bar\u00e1tokat \u00e9s c\u00e9geket, hogy megtapasztalj\u00e1k a Szentl\u00e1szl\u00f3 D\u0171l\u0151 hangulatos l\u00e9gk\u00f6r\u00e9t. A borkostol\u00f3 keretein bel\u00fcl k\u00f6rbevezetj\u00fck \u00d6n\u00f6ket a sz\u0151l\u0151hegyen, megmutatjuk, hogy [&hellip;]\" \/>\n<meta property=\"og:url\" content=\"https:\/\/bonawinery.sk\/hu\/borkostolo-es-szallas\/\" \/>\n<meta property=\"og:site_name\" content=\"Bonawinery\" \/>\n<meta property=\"article:modified_time\" content=\"2021-04-19T07:59:19+00:00\" \/>\n<meta name=\"twitter:card\" content=\"summary_large_image\" \/>\n<meta name=\"twitter:label1\" content=\"Becs\u00fclt olvas\u00e1si id\u0151\">\n\t<meta name=\"twitter:data1\" content=\"1 perc\">\n<script type=\"application\/ld+json\" class=\"yoast-schema-graph\">{\"@context\":\"https:\/\/schema.org\",\"@graph\":[{\"@type\":\"WebSite\",\"@id\":\"https:\/\/bonawinery.sk\/#website\",\"url\":\"https:\/\/bonawinery.sk\/\",\"name\":\"Bonawinery\",\"description\":\"Bonawinery\",\"potentialAction\":[{\"@type\":\"SearchAction\",\"target\":\"https:\/\/bonawinery.sk\/?s={search_term_string}\",\"query-input\":\"required name=search_term_string\"}],\"inLanguage\":\"hu\"},{\"@type\":\"WebPage\",\"@id\":\"https:\/\/bonawinery.sk\/hu\/borkostolo-es-szallas\/#webpage\",\"url\":\"https:\/\/bonawinery.sk\/hu\/borkostolo-es-szallas\/\",\"name\":\"Bork\\u00f3stol\\u00f3 \\u00e9s Sz\\u00e1ll\\u00e1s - Bonawinery\",\"isPartOf\":{\"@id\":\"https:\/\/bonawinery.sk\/#website\"},\"datePublished\":\"2020-04-28T13:14:06+00:00\",\"dateModified\":\"2021-04-19T07:59:19+00:00\",\"inLanguage\":\"hu\",\"potentialAction\":[{\"@type\":\"ReadAction\",\"target\":[\"https:\/\/bonawinery.sk\/hu\/borkostolo-es-szallas\/\"]}]}]}<\/script>\n<!-- \/ Yoast SEO plugin. -->","_links":{"self":[{"href":"https:\/\/bonawinery.sk\/hu\/wp-json\/wp\/v2\/pages\/5540"}],"collection":[{"href":"https:\/\/bonawinery.sk\/hu\/wp-json\/wp\/v2\/pages"}],"about":[{"href":"https:\/\/bonawinery.sk\/hu\/wp-json\/wp\/v2\/types\/page"}],"author":[{"embeddable":true,"href":"https:\/\/bonawinery.sk\/hu\/wp-json\/wp\/v2\/users\/4"}],"replies":[{"embeddable":true,"href":"https:\/\/bonawinery.sk\/hu\/wp-json\/wp\/v2\/comments?post=5540"}],"version-history":[{"count":13,"href":"https:\/\/bonawinery.sk\/hu\/wp-json\/wp\/v2\/pages\/5540\/revisions"}],"predecessor-version":[{"id":6451,"href":"https:\/\/bonawinery.sk\/hu\/wp-json\/wp\/v2\/pages\/5540\/revisions\/6451"}],"wp:attachment":[{"href":"https:\/\/bonawinery.sk\/hu\/wp-json\/wp\/v2\/media?parent=5540"}],"curies":[{"name":"wp","href":"https:\/\/api.w.org\/{rel}","templated":true}]}}