{"id":5340,"date":"2020-04-17T14:14:20","date_gmt":"2020-04-17T12:14:20","guid":{"rendered":"https:\/\/bonawinery.mediachain.eu\/?page_id=5340"},"modified":"2021-04-19T09:39:15","modified_gmt":"2021-04-19T07:39:15","slug":"boraink","status":"publish","type":"page","link":"https:\/\/bonawinery.sk\/hu\/boraink\/","title":{"rendered":"Boraink"},"content":{"rendered":"<p>[vc_row][vc_column][vc_column_text]<\/p>\n<p style=\"text-align: center;\" align=\"center\">Ahogy els\u0151 l\u00e1t\u00e1sra megszeretik borr\u00e9gi\u00f3nkat, \u00fagy az els\u0151 kortny\u00e1l meg\u00e9rtik borainkat. K\u00edn\u00e1latunkban megtal\u00e1lhat\u00f3ak a k\u00f6zkedvelt Z\u00f6ldveltel\u00edni, Olaszrizling, Rajnai rizling, Merlot, Cabernet franc kit\u0171n\u0151 min\u0151s\u00e9gben, de ugyan\u00fagy tal\u00e1lkozhat ritkas\u00e1gokkal is, mint a B\u00f3na Sekt, In\u0161pir\u00e1cia vagy ak\u00e1r az Intu\u00edcia. Tov\u00e1bbi inform\u00e1ci\u00f3k\u00e9rt b\u00e1tran keressen meg minket, szivesen bemutatjuk borainkat a legapr\u00f3bb r\u00e9szletekig!<\/p>\n<p>[\/vc_column_text][vc_empty_space height=&#8221;52px&#8221;][\/vc_column][\/vc_row]<\/p>\n","protected":false},"excerpt":{"rendered":"<p>[vc_row][vc_column][vc_column_text] Ahogy els\u0151 l\u00e1t\u00e1sra megszeretik borr\u00e9gi\u00f3nkat, \u00fagy az els\u0151 kortny\u00e1l meg\u00e9rtik borainkat. K\u00edn\u00e1latunkban megtal\u00e1lhat\u00f3ak a k\u00f6zkedvelt Z\u00f6ldveltel\u00edni, Olaszrizling, Rajnai rizling, Merlot, Cabernet franc kit\u0171n\u0151 min\u0151s\u00e9gben, de ugyan\u00fagy tal\u00e1lkozhat ritkas\u00e1gokkal is, mint a B\u00f3na Sekt, In\u0161pir\u00e1cia vagy ak\u00e1r az Intu\u00edcia. Tov\u00e1bbi inform\u00e1ci\u00f3k\u00e9rt b\u00e1tran keressen meg minket, szivesen bemutatjuk borainkat a legapr\u00f3bb r\u00e9szletekig! [\/vc_column_text][vc_empty_space height=&#8221;52px&#8221;][\/vc_column][\/vc_row]<\/p>\n","protected":false},"author":4,"featured_media":0,"parent":0,"menu_order":0,"comment_status":"closed","ping_status":"closed","template":"","meta":[],"yoast_head":"<!-- This site is optimized with the Yoast SEO plugin v15.6.2 - https:\/\/yoast.com\/wordpress\/plugins\/seo\/ -->\n<title>Boraink - Bonawinery<\/title>\n<meta name=\"robots\" content=\"index, follow, max-snippet:-1, max-image-preview:large, max-video-preview:-1\" \/>\n<link rel=\"canonical\" href=\"https:\/\/bonawinery.sk\/hu\/boraink\/\" \/>\n<meta property=\"og:locale\" content=\"hu_HU\" \/>\n<meta property=\"og:type\" content=\"article\" \/>\n<meta property=\"og:title\" content=\"Boraink - Bonawinery\" \/>\n<meta property=\"og:description\" content=\"[vc_row][vc_column][vc_column_text] Ahogy els\u0151 l\u00e1t\u00e1sra megszeretik borr\u00e9gi\u00f3nkat, \u00fagy az els\u0151 kortny\u00e1l meg\u00e9rtik borainkat. K\u00edn\u00e1latunkban megtal\u00e1lhat\u00f3ak a k\u00f6zkedvelt Z\u00f6ldveltel\u00edni, Olaszrizling, Rajnai rizling, Merlot, Cabernet franc kit\u0171n\u0151 min\u0151s\u00e9gben, de ugyan\u00fagy tal\u00e1lkozhat ritkas\u00e1gokkal is, mint a B\u00f3na Sekt, In\u0161pir\u00e1cia vagy ak\u00e1r az Intu\u00edcia. Tov\u00e1bbi inform\u00e1ci\u00f3k\u00e9rt b\u00e1tran keressen meg minket, szivesen bemutatjuk borainkat a legapr\u00f3bb r\u00e9szletekig! [\/vc_column_text][vc_empty_space height=&#8221;52px&#8221;][\/vc_column][\/vc_row]\" \/>\n<meta property=\"og:url\" content=\"https:\/\/bonawinery.sk\/hu\/boraink\/\" \/>\n<meta property=\"og:site_name\" content=\"Bonawinery\" \/>\n<meta property=\"article:modified_time\" content=\"2021-04-19T07:39:15+00:00\" \/>\n<meta name=\"twitter:card\" content=\"summary_large_image\" \/>\n<meta name=\"twitter:label1\" content=\"Becs\u00fclt olvas\u00e1si id\u0151\">\n\t<meta name=\"twitter:data1\" content=\"1 perc\">\n<script type=\"application\/ld+json\" class=\"yoast-schema-graph\">{\"@context\":\"https:\/\/schema.org\",\"@graph\":[{\"@type\":\"WebSite\",\"@id\":\"https:\/\/bonawinery.sk\/#website\",\"url\":\"https:\/\/bonawinery.sk\/\",\"name\":\"Bonawinery\",\"description\":\"Bonawinery\",\"potentialAction\":[{\"@type\":\"SearchAction\",\"target\":\"https:\/\/bonawinery.sk\/?s={search_term_string}\",\"query-input\":\"required name=search_term_string\"}],\"inLanguage\":\"hu\"},{\"@type\":\"WebPage\",\"@id\":\"https:\/\/bonawinery.sk\/hu\/boraink\/#webpage\",\"url\":\"https:\/\/bonawinery.sk\/hu\/boraink\/\",\"name\":\"Boraink - Bonawinery\",\"isPartOf\":{\"@id\":\"https:\/\/bonawinery.sk\/#website\"},\"datePublished\":\"2020-04-17T12:14:20+00:00\",\"dateModified\":\"2021-04-19T07:39:15+00:00\",\"inLanguage\":\"hu\",\"potentialAction\":[{\"@type\":\"ReadAction\",\"target\":[\"https:\/\/bonawinery.sk\/hu\/boraink\/\"]}]}]}<\/script>\n<!-- \/ Yoast SEO plugin. -->","_links":{"self":[{"href":"https:\/\/bonawinery.sk\/hu\/wp-json\/wp\/v2\/pages\/5340"}],"collection":[{"href":"https:\/\/bonawinery.sk\/hu\/wp-json\/wp\/v2\/pages"}],"about":[{"href":"https:\/\/bonawinery.sk\/hu\/wp-json\/wp\/v2\/types\/page"}],"author":[{"embeddable":true,"href":"https:\/\/bonawinery.sk\/hu\/wp-json\/wp\/v2\/users\/4"}],"replies":[{"embeddable":true,"href":"https:\/\/bonawinery.sk\/hu\/wp-json\/wp\/v2\/comments?post=5340"}],"version-history":[{"count":6,"href":"https:\/\/bonawinery.sk\/hu\/wp-json\/wp\/v2\/pages\/5340\/revisions"}],"predecessor-version":[{"id":6447,"href":"https:\/\/bonawinery.sk\/hu\/wp-json\/wp\/v2\/pages\/5340\/revisions\/6447"}],"wp:attachment":[{"href":"https:\/\/bonawinery.sk\/hu\/wp-json\/wp\/v2\/media?parent=5340"}],"curies":[{"name":"wp","href":"https:\/\/api.w.org\/{rel}","templated":true}]}}