{"id":5322,"date":"2020-04-17T13:16:11","date_gmt":"2020-04-17T11:16:11","guid":{"rendered":"https:\/\/bonawinery.mediachain.eu\/?page_id=5322"},"modified":"2021-04-19T09:37:48","modified_gmt":"2021-04-19T07:37:48","slug":"boraszatunk","status":"publish","type":"page","link":"https:\/\/bonawinery.sk\/hu\/boraszatunk\/","title":{"rendered":"Bor\u00e1szatunk"},"content":{"rendered":"<p>[vc_row row_content_width=&#8221;grid&#8221; css=&#8221;.vc_custom_1569414181451{padding-top: 125px !important;padding-bottom: 14px !important;}&#8221;][vc_column]<div class=\"qodef-shortcode qodef-m  qodef-section-title qodef-alignment--center \">\n\t\t<h2 class=\"qodef-m-title\" >\n\t\tR\u00d3LUNK\t\t<\/h2>\n\t\t<p class=\"qodef-m-subtitle\" >A m\u00faltra \u00e9p\u00edt\u00fcnk, a j\u00f6v\u0151be tekint\u00fcnk, a jelenben teremt\u00fcnk.<\/p>\n\t<\/div>[\/vc_column][\/vc_row][vc_row row_content_width=&#8221;grid&#8221;][vc_column width=&#8221;1\/4&#8243;][vc_column_text]<\/p>\n<h4 style=\"text-align: center;\">Terroir<\/h4>\n<p style=\"text-align: center;\">A bor\u00e1szat B\u00e1torkeszi k\u00f6zs\u00e9g\u00e9ben tal\u00e1lhat\u00f3 tal\u00e1lhat\u00f3, a d\u00e9l-szlov\u00e1kiai r\u00e9gi\u00f3ban. A sz\u0151l\u0151sb\u0151l m\u00e1r els\u0151 pillant\u00e1sra elb\u0171v\u00f6l a Duna \u00e9s a Gerecse hegys\u00e9gre n\u00e9z\u0151 kil\u00e1t\u00e1s. Ezek a helyi terroir legfontosabb elemei. A ter\u00fclet \u00e1tlagosan Szlov\u00e1kia legmelegebb ter\u00fclete. Az egyedi talajszerkezettel egy\u00fctt megteremtik azokat az el\u0151felt\u00e9teleket amelyek lehet\u0151v\u00e9 teszik a magas szint\u0171 sz\u0151l\u0151termeszt\u00e9st.<\/p>\n<p style=\"text-align: center;\">Feladatunk az, hogy ezt a min\u0151s\u00e9get palackokba t\u00f6lts\u00fck.<\/p>\n<p>[\/vc_column_text][\/vc_column][vc_column width=&#8221;1\/4&#8243; css=&#8221;.vc_custom_1618305670941{padding-right: 5% !important;padding-left: 5% !important;}&#8221; offset=&#8221;vc_col-lg-6 vc_col-md-6&#8243; column_responsive_padding_680=&#8221;0 15px 0 15px&#8221; column_responsive_padding_1024=&#8221;0 16px 0 0&#8243; column_responsive_padding_768=&#8221;0 15px 0 15px&#8221;][vc_column_text]<\/p>\n<h4 style=\"text-align: center;\">Bor<\/h4>\n<p style=\"text-align: center;\" align=\"center\">A &#8216;<em><strong>fresh<\/strong><\/em>&#8216; vonalon olyan borokat k\u00e9sz\u00edt\u00fcnk, amelyeket k\u00f6nny\u0171 inni, k\u00f6nnyen \u00e9rthet\u0151ek \u00e9s gyors fogyaszt\u00e1sra alkalmasak.<\/p>\n<p style=\"text-align: center;\" align=\"center\">Els\u0151dlegesen a sz\u0151l\u0151 arom\u00e1i domin\u00e1lnak, amelyek frissnek hatnak.<\/p>\n<p style=\"text-align: center;\" align=\"center\">A &#8216;<em><strong>low intervention<\/strong><\/em>&#8216; vonalon olyan borok tal\u00e1lhat\u00f3ak, amelyeket a lehet\u0151 legkevesebb beavatkoz\u00e1ssal \u00e1ll\u00edtanak el\u0151. El\u0151\u00e1ll\u00edt\u00e1sa azt az elvet k\u00f6veti, hogy a bor mag\u00e1t\u00f3l is el tud k\u00e9sz\u00fclni, csak annak a felt\u00e9teleit kell biztos\u00edtani. E m\u00f3dszer alapj\u00e1n k\u00e9sz\u00edtett\u00e9k a bort az \u0151seink is. Csak a bor eg\u00e9szs\u00e9g\u00e9nek meg\u0151rz\u00e9se \u00e9rdek\u00e9ben avatkozunk bele a bor el\u0151\u00e1ll\u00edt\u00e1s\u00e1nak folyamat\u00e1ba. Meg\u0151rizz\u00fck a sz\u0151l\u0151hegy, a bor\u00e1sz \u00e9s az \u00e9vj\u00e1rat jegyeit, hogy egyedi borokat k\u00e9sz\u00edts\u00fcnk. Ezek azok a borok, amelyek m\u00e9lyebb \u00e9rz\u00e9kel\u00e9st k\u00edv\u00e1nnak. M\u00e9g ha egy ember azt is gondolja, hogy nem k\u00e9pes erre, v\u00e9g\u00fcl a bor mag\u00e1val ragadja.<\/p>\n<p style=\"text-align: center;\" align=\"center\">A legjobb kipr\u00f3b\u00e1lni.<\/p>\n<p style=\"text-align: center;\" align=\"center\">Megk\u00f3stolni k\u00f6zvetlen\u00fcl azon a helyen, ahol a bor sz\u00fcletik. Ez a legjobb m\u00f3d, hogy meg\u00e9rts\u00fck a borokat.<\/p>\n<p>[\/vc_column_text][\/vc_column][vc_column width=&#8221;1\/4&#8243;][vc_column_text]<\/p>\n<h4 style=\"text-align: center;\">Sz\u0151l\u0151hegy<\/h4>\n<p style=\"text-align: center;\">A sz\u0151l\u0151hegyen a mennyis\u00e9g rov\u00e1s\u00e1ra, de a min\u0151s\u00e9g jav\u00e1ra dolgozunk. Igyeksz\u00fcnk a lehet\u0151 legkisebb terhel\u00e9st m\u00e9rni k\u00f6rnyezet\u00fcnkre, ez\u00e9rt \u00f6ko gazd\u00e1lkod\u00e1st v\u00e9gz\u00fcnk. Biol\u00f3giai v\u00e9dekez\u00e9ssel pr\u00f3b\u00e1ljuk meg a sz\u0151l\u0151\u00fcltetv\u00e9nyeket nevelni, hogy azok er\u0151s immunrendszerrel rendelkezzenek. Ennek a sz\u0151l\u0151hegynek a r\u00e9szei vagyunk, ugyanakkor bork\u00e9sz\u00edt\u0151k is. C\u00e9lunk egy olyan rendszer l\u00e9trehoz\u00e1sa, amelynek k\u00f6rforg\u00e1s\u00e1t az ember nem megszak\u00edtja, de t\u00e1mogatja. Hissz\u00fck, hogy ez a szeml\u00e9let a borokon kereszt\u00fcl kifizet\u0151dik.<\/p>\n<p>[\/vc_column_text][\/vc_column][\/vc_row][vc_row content_placement=&#8221;middle&#8221; content_text_alignment=&#8221;center&#8221; css=&#8221;.vc_custom_1566984417967{padding-top: 50px !important;}&#8221;][vc_column]<p class=\"qodef-shortcode qodef-m  qodef-custom-font qodef-custom-font-4923 qodef-layout--simple\" style=\"color: #d7d6d6;font-family: Dawning of a New Day;font-size: 65px;line-height: 108px\">M\u00e9rf\u00f6ldk\u00f6vek<\/p>[\/vc_column][\/vc_row][vc_row row_content_width=&#8221;grid&#8221;][vc_column css=&#8221;.vc_custom_1570452506227{padding-top: 65px !important;padding-bottom: 160px !important;}&#8221; column_responsive_padding_1024=&#8221;65px 15px 90px&#8221; column_responsive_padding_768=&#8221;65px 15px 90px&#8221; column_responsive_padding_680=&#8221;65px 15px 90px&#8221;]<div class=\"qodef-shortcode qodef-m  qodef-workflow\">\n\t\n\t<div class=\"qodef-e-workflow-image\">\n\t\t<img width=\"207\" height=\"157\" src=\"https:\/\/bonawinery.sk\/wp-content\/uploads\/2019\/08\/h4-img-1.png\" class=\"attachment-full size-full\" alt=\"d\" loading=\"lazy\" srcset=\"https:\/\/bonawinery.sk\/wp-content\/uploads\/2019\/08\/h4-img-1.png 207w, https:\/\/bonawinery.sk\/wp-content\/uploads\/2019\/08\/h4-img-1-200x152.png 200w\" sizes=\"(max-width: 207px) 100vw, 207px\" \/>\t<\/div>\n\t\n\t\t\t\n\t\t<div class=\"qodef-e-workflow-item\">\n\t\t\t<div class=\"qodef-e-workflow-item-inner\">\n\t\t\t\t\n\t\t\t\t<div class=\"qodef-e-workflow-text\">\n\t\t\t\t\t<p class=\"qodef-e-subtitle\">2013<\/p>\n\t\t\t\t\t<h5 class=\"qodef-e-title\">Kezdetek<\/h5>\n\t\t\t\t\t<p class=\"qodef-e-text\">A bork\u00e9sz\u00edt\u00e9s \u00e9s palackoz\u00e1s kezdetei<\/p>\n\t\t\t\t<\/div>\n\t\t\t\n\t\t\t<\/div>\n\t\t<\/div>\n\t\t\t\n\t\t<div class=\"qodef-e-workflow-item\">\n\t\t\t<div class=\"qodef-e-workflow-item-inner\">\n\t\t\t\t\n\t\t\t\t<div class=\"qodef-e-workflow-text\">\n\t\t\t\t\t<p class=\"qodef-e-subtitle\">2015<\/p>\n\t\t\t\t\t<h5 class=\"qodef-e-title\">Rekonstrukci\u00f3 \u00e9s Telep\u00edt\u00e9s<\/h5>\n\t\t\t\t\t<p class=\"qodef-e-text\">A r\u00e9gi pince kiterjedt rekonstrukci\u00f3j\u00e1nak megkezd\u00e9se. Els\u0151 ki\u00fcltet\u00e9s 1,2 hekt\u00e1ron<\/p>\n\t\t\t\t<\/div>\n\t\t\t\n\t\t\t<\/div>\n\t\t<\/div>\n\t\n<\/div>[vc_empty_space height=&#8221;82px&#8221;]<div class=\"qodef-shortcode qodef-m  qodef-workflow\">\n\t\n\t<div class=\"qodef-e-workflow-image\">\n\t\t<img width=\"208\" height=\"187\" src=\"https:\/\/bonawinery.sk\/wp-content\/uploads\/2019\/08\/h4-img-2.png\" class=\"attachment-full size-full\" alt=\"d\" loading=\"lazy\" srcset=\"https:\/\/bonawinery.sk\/wp-content\/uploads\/2019\/08\/h4-img-2.png 208w, https:\/\/bonawinery.sk\/wp-content\/uploads\/2019\/08\/h4-img-2-200x180.png 200w\" sizes=\"(max-width: 208px) 100vw, 208px\" \/>\t<\/div>\n\t\n\t\t\t\n\t\t<div class=\"qodef-e-workflow-item\">\n\t\t\t<div class=\"qodef-e-workflow-item-inner\">\n\t\t\t\t\n\t\t\t\t<div class=\"qodef-e-workflow-text\">\n\t\t\t\t\t<p class=\"qodef-e-subtitle\">2016<\/p>\n\t\t\t\t\t<h5 class=\"qodef-e-title\">ARCULATV\u00c1LT\u00c1S<\/h5>\n\t\t\t\t\t<p class=\"qodef-e-text\">Arculat \u00fajra tervez\u00e9se \u00e9s a jelenlegi log\u00f3 bevezet\u00e9se<\/p>\n\t\t\t\t<\/div>\n\t\t\t\n\t\t\t<\/div>\n\t\t<\/div>\n\t\t\t\n\t\t<div class=\"qodef-e-workflow-item\">\n\t\t\t<div class=\"qodef-e-workflow-item-inner\">\n\t\t\t\t\n\t\t\t\t<div class=\"qodef-e-workflow-text\">\n\t\t\t\t\t<p class=\"qodef-e-subtitle\">2017<\/p>\n\t\t\t\t\t<h5 class=\"qodef-e-title\">NATUR\u00c1LIS VONAL MEGJELEN\u00c9SE<\/h5>\n\t\t\t\t\t<p class=\"qodef-e-text\">A natur\u00e1lis borok piacra vezet\u00e9se<\/p>\n\t\t\t\t<\/div>\n\t\t\t\n\t\t\t<\/div>\n\t\t<\/div>\n\t\n<\/div>[vc_empty_space height=&#8221;82px&#8221;]<div class=\"qodef-shortcode qodef-m  qodef-workflow\">\n\t\n\t<div class=\"qodef-e-workflow-image\">\n\t\t<img width=\"198\" height=\"164\" src=\"https:\/\/bonawinery.sk\/wp-content\/uploads\/2019\/08\/h4-img-3.png\" class=\"attachment-full size-full\" alt=\"d\" loading=\"lazy\" \/>\t<\/div>\n\t\n\t\t\t\n\t\t<div class=\"qodef-e-workflow-item\">\n\t\t\t<div class=\"qodef-e-workflow-item-inner\">\n\t\t\t\t\n\t\t\t\t<div class=\"qodef-e-workflow-text\">\n\t\t\t\t\t<p class=\"qodef-e-subtitle\">2018<\/p>\n\t\t\t\t\t<h5 class=\"qodef-e-title\">G\u00c9PPARK MEG\u00daJ\u00cdT\u00c1S \u00e9s TELEP\u00cdT\u00c9S<\/h5>\n\t\t\t\t\t<p class=\"qodef-e-text\">G\u00e9ppark meg\u00faj\u00edt\u00e1sa. Sz\u0151l\u0151\u00fcltetv\u00e9nyek telep\u00edt\u00e9s\u00e9nek b\u0151v\u00edt\u00e9se 1 hekt\u00e1ron<\/p>\n\t\t\t\t<\/div>\n\t\t\t\n\t\t\t<\/div>\n\t\t<\/div>\n\t\t\t\n\t\t<div class=\"qodef-e-workflow-item\">\n\t\t\t<div class=\"qodef-e-workflow-item-inner\">\n\t\t\t\t\n\t\t\t\t<div class=\"qodef-e-workflow-text\">\n\t\t\t\t\t<p class=\"qodef-e-subtitle\">2020<\/p>\n\t\t\t\t\t<h5 class=\"qodef-e-title\">Technol\u00f3giai el\u0151rel\u00e9p\u00e9s<\/h5>\n\t\t\t\t\t<p class=\"qodef-e-text\">Technol\u00f3giai moderniz\u00e1ci\u00f3 \u00e9s b\u0151v\u00edt\u00e9s. \u00dajabb sz\u0151l\u0151\u00fcltetv\u00e9ny telep\u00edt\u00e9se 1 hekt\u00e1ron<\/p>\n\t\t\t\t<\/div>\n\t\t\t\n\t\t\t<\/div>\n\t\t<\/div>\n\t\n<\/div>[\/vc_column][\/vc_row]<\/p>\n","protected":false},"excerpt":{"rendered":"<p>[vc_row row_content_width=&#8221;grid&#8221; css=&#8221;.vc_custom_1569414181451{padding-top: 125px !important;padding-bottom: 14px !important;}&#8221;][vc_column][\/vc_column][\/vc_row][vc_row row_content_width=&#8221;grid&#8221;][vc_column width=&#8221;1\/4&#8243;][vc_column_text] Terroir A bor\u00e1szat B\u00e1torkeszi k\u00f6zs\u00e9g\u00e9ben tal\u00e1lhat\u00f3 tal\u00e1lhat\u00f3, a d\u00e9l-szlov\u00e1kiai r\u00e9gi\u00f3ban. A sz\u0151l\u0151sb\u0151l m\u00e1r els\u0151 pillant\u00e1sra elb\u0171v\u00f6l a Duna \u00e9s a Gerecse hegys\u00e9gre n\u00e9z\u0151 kil\u00e1t\u00e1s. Ezek a helyi terroir legfontosabb elemei. A ter\u00fclet \u00e1tlagosan Szlov\u00e1kia legmelegebb ter\u00fclete. Az egyedi talajszerkezettel egy\u00fctt megteremtik azokat az el\u0151felt\u00e9teleket amelyek lehet\u0151v\u00e9 [&hellip;]<\/p>\n","protected":false},"author":4,"featured_media":0,"parent":0,"menu_order":0,"comment_status":"closed","ping_status":"closed","template":"page-full-width.php","meta":[],"yoast_head":"<!-- This site is optimized with the Yoast SEO plugin v15.6.2 - https:\/\/yoast.com\/wordpress\/plugins\/seo\/ -->\n<title>Bor\u00e1szatunk - Bonawinery<\/title>\n<meta name=\"robots\" content=\"index, follow, max-snippet:-1, max-image-preview:large, max-video-preview:-1\" \/>\n<link rel=\"canonical\" href=\"https:\/\/bonawinery.sk\/hu\/boraszatunk\/\" \/>\n<meta property=\"og:locale\" content=\"hu_HU\" \/>\n<meta property=\"og:type\" content=\"article\" \/>\n<meta property=\"og:title\" content=\"Bor\u00e1szatunk - Bonawinery\" \/>\n<meta property=\"og:description\" content=\"[vc_row row_content_width=&#8221;grid&#8221; css=&#8221;.vc_custom_1569414181451{padding-top: 125px !important;padding-bottom: 14px !important;}&#8221;][vc_column][\/vc_column][\/vc_row][vc_row row_content_width=&#8221;grid&#8221;][vc_column width=&#8221;1\/4&#8243;][vc_column_text] Terroir A bor\u00e1szat B\u00e1torkeszi k\u00f6zs\u00e9g\u00e9ben tal\u00e1lhat\u00f3 tal\u00e1lhat\u00f3, a d\u00e9l-szlov\u00e1kiai r\u00e9gi\u00f3ban. A sz\u0151l\u0151sb\u0151l m\u00e1r els\u0151 pillant\u00e1sra elb\u0171v\u00f6l a Duna \u00e9s a Gerecse hegys\u00e9gre n\u00e9z\u0151 kil\u00e1t\u00e1s. Ezek a helyi terroir legfontosabb elemei. A ter\u00fclet \u00e1tlagosan Szlov\u00e1kia legmelegebb ter\u00fclete. Az egyedi talajszerkezettel egy\u00fctt megteremtik azokat az el\u0151felt\u00e9teleket amelyek lehet\u0151v\u00e9 [&hellip;]\" \/>\n<meta property=\"og:url\" content=\"https:\/\/bonawinery.sk\/hu\/boraszatunk\/\" \/>\n<meta property=\"og:site_name\" content=\"Bonawinery\" \/>\n<meta property=\"article:modified_time\" content=\"2021-04-19T07:37:48+00:00\" \/>\n<meta name=\"twitter:card\" content=\"summary_large_image\" \/>\n<meta name=\"twitter:label1\" content=\"Becs\u00fclt olvas\u00e1si id\u0151\">\n\t<meta name=\"twitter:data1\" content=\"2 perc\">\n<script type=\"application\/ld+json\" class=\"yoast-schema-graph\">{\"@context\":\"https:\/\/schema.org\",\"@graph\":[{\"@type\":\"WebSite\",\"@id\":\"https:\/\/bonawinery.sk\/#website\",\"url\":\"https:\/\/bonawinery.sk\/\",\"name\":\"Bonawinery\",\"description\":\"Bonawinery\",\"potentialAction\":[{\"@type\":\"SearchAction\",\"target\":\"https:\/\/bonawinery.sk\/?s={search_term_string}\",\"query-input\":\"required name=search_term_string\"}],\"inLanguage\":\"hu\"},{\"@type\":\"WebPage\",\"@id\":\"https:\/\/bonawinery.sk\/hu\/boraszatunk\/#webpage\",\"url\":\"https:\/\/bonawinery.sk\/hu\/boraszatunk\/\",\"name\":\"Bor\\u00e1szatunk - Bonawinery\",\"isPartOf\":{\"@id\":\"https:\/\/bonawinery.sk\/#website\"},\"datePublished\":\"2020-04-17T11:16:11+00:00\",\"dateModified\":\"2021-04-19T07:37:48+00:00\",\"inLanguage\":\"hu\",\"potentialAction\":[{\"@type\":\"ReadAction\",\"target\":[\"https:\/\/bonawinery.sk\/hu\/boraszatunk\/\"]}]}]}<\/script>\n<!-- \/ Yoast SEO plugin. -->","_links":{"self":[{"href":"https:\/\/bonawinery.sk\/hu\/wp-json\/wp\/v2\/pages\/5322"}],"collection":[{"href":"https:\/\/bonawinery.sk\/hu\/wp-json\/wp\/v2\/pages"}],"about":[{"href":"https:\/\/bonawinery.sk\/hu\/wp-json\/wp\/v2\/types\/page"}],"author":[{"embeddable":true,"href":"https:\/\/bonawinery.sk\/hu\/wp-json\/wp\/v2\/users\/4"}],"replies":[{"embeddable":true,"href":"https:\/\/bonawinery.sk\/hu\/wp-json\/wp\/v2\/comments?post=5322"}],"version-history":[{"count":24,"href":"https:\/\/bonawinery.sk\/hu\/wp-json\/wp\/v2\/pages\/5322\/revisions"}],"predecessor-version":[{"id":6446,"href":"https:\/\/bonawinery.sk\/hu\/wp-json\/wp\/v2\/pages\/5322\/revisions\/6446"}],"wp:attachment":[{"href":"https:\/\/bonawinery.sk\/hu\/wp-json\/wp\/v2\/media?parent=5322"}],"curies":[{"name":"wp","href":"https:\/\/api.w.org\/{rel}","templated":true}]}}