{"id":5320,"date":"2020-04-17T13:13:57","date_gmt":"2020-04-17T11:13:57","guid":{"rendered":"https:\/\/bonawinery.mediachain.eu\/?page_id=5320"},"modified":"2022-01-19T12:23:28","modified_gmt":"2022-01-19T11:23:28","slug":"hirek","status":"publish","type":"page","link":"https:\/\/bonawinery.sk\/hu\/hirek\/","title":{"rendered":"H\u00edrek"},"content":{"rendered":"<p>[vc_row disable_element=&#8221;yes&#8221; row_content_width=&#8221;grid&#8221;][vc_column]<div class=\"qodef-shortcode qodef-m  qodef-blog qodef-item-layout--simple qodef-grid qodef-layout--columns  qodef-gutter--medium qodef-col-num--1 qodef-item-layout--simple qodef-item-skin--default qodef--no-bottom-space qodef-pagination--off qodef-responsive--predefined\" data-options=\"{&quot;plugin&quot;:&quot;aperitif_core&quot;,&quot;module&quot;:&quot;blog\\\/shortcodes&quot;,&quot;shortcode&quot;:&quot;blog-list&quot;,&quot;post_type&quot;:&quot;post&quot;,&quot;next_page&quot;:&quot;2&quot;,&quot;behavior&quot;:&quot;columns&quot;,&quot;images_proportion&quot;:&quot;full&quot;,&quot;columns&quot;:&quot;1&quot;,&quot;space&quot;:&quot;medium&quot;,&quot;columns_responsive&quot;:&quot;predefined&quot;,&quot;columns_1440&quot;:&quot;3&quot;,&quot;columns_1366&quot;:&quot;3&quot;,&quot;columns_1024&quot;:&quot;3&quot;,&quot;columns_768&quot;:&quot;3&quot;,&quot;columns_680&quot;:&quot;3&quot;,&quot;columns_480&quot;:&quot;3&quot;,&quot;orderby&quot;:&quot;date&quot;,&quot;order&quot;:&quot;DESC&quot;,&quot;layout&quot;:&quot;simple&quot;,&quot;title_tag&quot;:&quot;h2&quot;,&quot;skin&quot;:&quot;default&quot;,&quot;pagination_type&quot;:&quot;no-pagination&quot;,&quot;object_class_name&quot;:&quot;AperitifCoreBlogListShortcode&quot;,&quot;taxonomy_filter&quot;:&quot;category&quot;,&quot;space_value&quot;:20}\">\n\t\t<div class=\"qodef-grid-inner clear\">\n\t\t<p class=\"qodef-m-posts-not-found qodef-grid-item\">No posts were found for provided query parameters.<\/p>\t<\/div>\n\t<\/div>[\/vc_column][\/vc_row][vc_row][vc_column][vc_text_separator title=&#8221;&#8221; i_icon_fontawesome=&#8221;fas fa-wine-glass-alt&#8221; i_color=&#8221;custom&#8221; el_width=&#8221;30&#8243; add_icon=&#8221;true&#8221; i_custom_color=&#8221;#c8693a&#8221;][\/vc_column][\/vc_row][vc_row][vc_column]<div class=\"qodef-shortcode qodef-m  qodef-section-title qodef-alignment--center \">\n\t\t<h3 class=\"qodef-m-title\" >\n\t\tAWC Vienna 2021\t\t<\/h3>\n\t\t<p class=\"qodef-m-subtitle\" >Bor\u00e1szatunk 2 csillagos lett a nemzetk\u00f6zi versenyen - 4 ARANY \u00e9rem &amp; 3 EZ\u00dcST \u00e9rem<\/p>\n\t<\/div>[vc_single_image image=&#8221;6522&#8243; img_size=&#8221;medium&#8221; alignment=&#8221;center&#8221;][vc_empty_space height=&#8221;52px&#8221;][\/vc_column][\/vc_row][vc_row][vc_column]<div class=\"qodef-shortcode qodef-m  qodef-section-title qodef-alignment--center \">\n\t\t<h3 class=\"qodef-m-title\" >\n\t\tSekt B\u00f3na '19\t\t<\/h3>\n\t\t<p class=\"qodef-m-subtitle\" >B\u0151v\u00edtj\u00fck a portf\u00f3li\u00f3nkat<\/p>\n\t\t<div class=\"qodef-m-text\" >Els\u0151 pr\u00f3b\u00e1lkoz\u00e1sunk tradicion\u00e1lis pezsg\u0151vel, ahol az alapot 70% Chardonnay adja, kieg\u00e9sz\u00edtve 30% Pinot noirral. Ide\u00e1lis az \u00fcnnepekhez.<\/div>\n<\/div>[vc_single_image image=&#8221;5922&#8243; img_size=&#8221;medium&#8221; alignment=&#8221;center&#8221;][vc_empty_space height=&#8221;52px&#8221;][\/vc_column][\/vc_row][vc_row][vc_column][vc_text_separator title=&#8221;&#8221; i_icon_fontawesome=&#8221;fas fa-wine-glass-alt&#8221; i_color=&#8221;custom&#8221; el_width=&#8221;30&#8243; add_icon=&#8221;true&#8221; i_custom_color=&#8221;#c8693a&#8221;][\/vc_column][\/vc_row][vc_row][vc_column]<div class=\"qodef-shortcode qodef-m  qodef-section-title qodef-alignment--center \">\n\t\t<h3 class=\"qodef-m-title\" >\n\t\tVinot\u00e9ka\t\t<\/h3>\n\t\t<p class=\"qodef-m-subtitle\" >Interj\u00fa a magazin okt\u00f3beri sz\u00e1m\u00e1ban (2020)<\/p>\n\t\t<div class=\"qodef-m-text\" >A VINOT\u00c9KA foly\u00f3irat okt\u00f3beri sz\u00e1m\u00e1ban megjelent egy riport a bor\u00e1szatunkr\u00f3l.\nKezdetekr\u0151l, filoz\u00f3fi\u00e1r\u00f3l, valamint arr\u00f3l, hogy milyen jelent\u0151s d\u00edjakat nyertek id\u00e9n a boraink.<\/div>\n<\/div>[vc_media_grid element_width=&#8221;3&#8243; grid_id=&#8221;vc_gid:1642591168626-ec77ce01-24a0-8&#8243; include=&#8221;5900,5902,5904,5906&#8243;][vc_empty_space height=&#8221;52px&#8221;][\/vc_column][\/vc_row][vc_row][vc_column][vc_text_separator title=&#8221;&#8221; i_icon_fontawesome=&#8221;fas fa-wine-glass-alt&#8221; i_color=&#8221;custom&#8221; el_width=&#8221;30&#8243; add_icon=&#8221;true&#8221; i_custom_color=&#8221;#c8693a&#8221;][\/vc_column][\/vc_row][vc_row][vc_column]<div class=\"qodef-shortcode qodef-m  qodef-section-title qodef-alignment--center \">\n\t\t<h3 class=\"qodef-m-title\" >\n\t\tEz\u00fcst \u00e9rem\t\t<\/h3>\n\t\t<p class=\"qodef-m-subtitle\" >AWC Vienna<\/p>\n\t\t<div class=\"qodef-m-text\" >Els\u0151 k\u00fclf\u00f6ldi siker\u00fcnknek \u00f6r\u00fclhet\u00fcnk! Cabernet franc '18 borunk m\u00falt h\u00e9ten beker\u00fclt a Nemzeti Borszalonba, egy h\u00e9tre r\u00e1 m\u00e1sik borunk is sikeres lett. Az In\u0161pir\u00e1cia 2019 borunk az AWC Vienna nemzetk\u00f6zi versenyen szerzett ez\u00fcst \u00e9rmet. A B\u00e9csben megrendezett legnagyobb borversenyen 11.232 bor m\u00e9rk\u0151z\u00f6tt meg 1.510 bor\u00e1szatt\u00f3l, 41 orsz\u00e1gb\u00f3l a vil\u00e1g minden t\u00e1j\u00e1r\u00f3l.<\/div>\n<\/div>[vc_single_image image=&#8221;5896&#8243; img_size=&#8221;medium&#8221; alignment=&#8221;center&#8221;][vc_empty_space height=&#8221;52px&#8221;][\/vc_column][\/vc_row][vc_row][vc_column][vc_text_separator title=&#8221;&#8221; i_icon_fontawesome=&#8221;fas fa-wine-glass-alt&#8221; i_color=&#8221;custom&#8221; el_width=&#8221;30&#8243; add_icon=&#8221;true&#8221; i_custom_color=&#8221;#c8693a&#8221;][\/vc_column][\/vc_row][vc_row][vc_column]<div class=\"qodef-shortcode qodef-m  qodef-section-title qodef-alignment--center \">\n\t\t<h3 class=\"qodef-m-title\" >\n\t\tBor\u00e1szatunk els\u0151 nagy sikere\t\t<\/h3>\n\t\t<p class=\"qodef-m-subtitle\" >Szlov\u00e1k Nemzeti Borszalon (N\u00e1rodn\u00fd Sal\u00f3n V\u00edn)<\/p>\n\t\t<div class=\"qodef-m-text\" >Cabernet franc 2018 borunk beker\u00fclt a Szlov\u00e1k Nemzeti Borszalonba!\n2020-ban a 100 legjobb szlov\u00e1kiai bor k\u00f6z\u00e9 tartozik.<\/div>\n<\/div>[vc_single_image image=&#8221;6036&#8243; img_size=&#8221;medium&#8221; alignment=&#8221;center&#8221;][vc_empty_space height=&#8221;52px&#8221;][\/vc_column][\/vc_row][vc_row][vc_column][vc_text_separator title=&#8221;&#8221; i_icon_fontawesome=&#8221;fas fa-wine-glass-alt&#8221; i_color=&#8221;custom&#8221; el_width=&#8221;30&#8243; add_icon=&#8221;true&#8221; i_custom_color=&#8221;#c8693a&#8221;][\/vc_column][\/vc_row][vc_row][vc_column]<div class=\"qodef-shortcode qodef-m  qodef-section-title qodef-alignment--center \">\n\t\t<h3 class=\"qodef-m-title\" >\n\t\tH\u00c1ZHOZSZ\u00c1LL\u00cdT\u00c1S\t\t<\/h3>\n\t\t<p class=\"qodef-m-subtitle\" >Boraink ingyenes h\u00e1zhozsz\u00e1ll\u00edt\u00e1sa a k\u00f6rnyez\u0151 telep\u00fcl\u00e9sekre<\/p>\n\t\t<div class=\"qodef-m-text\" >\u00c9rsek\u00fajv\u00e1r, Kom\u00e1rom, P\u00e1rk\u00e1ny \u00e9s k\u00f6rny\u00e9kei sz\u00e1ll\u00edt\u00e1si k\u00f6lts\u00e9g n\u00e9lk\u00fcl. Minimum rendel\u00e9si mennyis\u00e9g: 1 karton.<\/div>\n<\/div>[vc_single_image image=&#8221;5666&#8243; img_size=&#8221;medium&#8221; alignment=&#8221;center&#8221;][vc_empty_space height=&#8221;60px&#8221;][\/vc_column][\/vc_row][vc_row][vc_column][vc_text_separator title=&#8221;&#8221; i_icon_fontawesome=&#8221;fas fa-wine-glass-alt&#8221; i_color=&#8221;custom&#8221; el_width=&#8221;30&#8243; add_icon=&#8221;true&#8221; i_custom_color=&#8221;#c8693a&#8221;][\/vc_column][\/vc_row][vc_row][vc_column]<div class=\"qodef-shortcode qodef-m  qodef-section-title qodef-alignment--center \">\n\t\t<h3 class=\"qodef-m-title\" >\n\t\t\u00daj hord\u00f3\t\t<\/h3>\n\t\t<p class=\"qodef-m-subtitle\" >Csal\u00e1dunk leg\u00fajabb tagja! Alig v\u00e1rjuk, hogy tele t\u00f6lts\u00fck!<\/p>\n\t<\/div>[vc_single_image image=&#8221;5675&#8243; img_size=&#8221;medium&#8221; alignment=&#8221;center&#8221;][\/vc_column][\/vc_row]<\/p>\n","protected":false},"excerpt":{"rendered":"<p>[vc_row disable_element=&#8221;yes&#8221; row_content_width=&#8221;grid&#8221;][vc_column][\/vc_column][\/vc_row][vc_row][vc_column][vc_text_separator title=&#8221;&#8221; i_icon_fontawesome=&#8221;fas fa-wine-glass-alt&#8221; i_color=&#8221;custom&#8221; el_width=&#8221;30&#8243; add_icon=&#8221;true&#8221; i_custom_color=&#8221;#c8693a&#8221;][\/vc_column][\/vc_row][vc_row][vc_column][vc_single_image image=&#8221;6522&#8243; img_size=&#8221;medium&#8221; alignment=&#8221;center&#8221;][vc_empty_space height=&#8221;52px&#8221;][\/vc_column][\/vc_row][vc_row][vc_column][vc_single_image image=&#8221;5922&#8243; img_size=&#8221;medium&#8221; alignment=&#8221;center&#8221;][vc_empty_space height=&#8221;52px&#8221;][\/vc_column][\/vc_row][vc_row][vc_column][vc_text_separator title=&#8221;&#8221; i_icon_fontawesome=&#8221;fas fa-wine-glass-alt&#8221; i_color=&#8221;custom&#8221; el_width=&#8221;30&#8243; add_icon=&#8221;true&#8221; i_custom_color=&#8221;#c8693a&#8221;][\/vc_column][\/vc_row][vc_row][vc_column][vc_media_grid element_width=&#8221;3&#8243; grid_id=&#8221;vc_gid:1642591168626-ec77ce01-24a0-8&#8243; include=&#8221;5900,5902,5904,5906&#8243;][vc_empty_space height=&#8221;52px&#8221;][\/vc_column][\/vc_row][vc_row][vc_column][vc_text_separator title=&#8221;&#8221; i_icon_fontawesome=&#8221;fas fa-wine-glass-alt&#8221; i_color=&#8221;custom&#8221; el_width=&#8221;30&#8243; add_icon=&#8221;true&#8221; i_custom_color=&#8221;#c8693a&#8221;][\/vc_column][\/vc_row][vc_row][vc_column][vc_single_image image=&#8221;5896&#8243; img_size=&#8221;medium&#8221; alignment=&#8221;center&#8221;][vc_empty_space height=&#8221;52px&#8221;][\/vc_column][\/vc_row][vc_row][vc_column][vc_text_separator title=&#8221;&#8221; i_icon_fontawesome=&#8221;fas fa-wine-glass-alt&#8221; i_color=&#8221;custom&#8221; el_width=&#8221;30&#8243; add_icon=&#8221;true&#8221; i_custom_color=&#8221;#c8693a&#8221;][\/vc_column][\/vc_row][vc_row][vc_column][vc_single_image image=&#8221;6036&#8243; img_size=&#8221;medium&#8221; alignment=&#8221;center&#8221;][vc_empty_space height=&#8221;52px&#8221;][\/vc_column][\/vc_row][vc_row][vc_column][vc_text_separator title=&#8221;&#8221; i_icon_fontawesome=&#8221;fas fa-wine-glass-alt&#8221; i_color=&#8221;custom&#8221; [&hellip;]<\/p>\n","protected":false},"author":4,"featured_media":0,"parent":0,"menu_order":0,"comment_status":"closed","ping_status":"closed","template":"","meta":[],"yoast_head":"<!-- This site is optimized with the Yoast SEO plugin v15.6.2 - https:\/\/yoast.com\/wordpress\/plugins\/seo\/ -->\n<title>H\u00edrek - Bonawinery<\/title>\n<meta name=\"robots\" content=\"index, follow, max-snippet:-1, max-image-preview:large, max-video-preview:-1\" \/>\n<link rel=\"canonical\" href=\"https:\/\/bonawinery.sk\/hu\/hirek\/\" \/>\n<meta property=\"og:locale\" content=\"hu_HU\" \/>\n<meta property=\"og:type\" content=\"article\" \/>\n<meta property=\"og:title\" content=\"H\u00edrek - Bonawinery\" \/>\n<meta property=\"og:description\" content=\"[vc_row disable_element=&#8221;yes&#8221; row_content_width=&#8221;grid&#8221;][vc_column][\/vc_column][\/vc_row][vc_row][vc_column][vc_text_separator title=&#8221;&#8221; i_icon_fontawesome=&#8221;fas fa-wine-glass-alt&#8221; i_color=&#8221;custom&#8221; el_width=&#8221;30&#8243; add_icon=&#8221;true&#8221; i_custom_color=&#8221;#c8693a&#8221;][\/vc_column][\/vc_row][vc_row][vc_column][vc_single_image image=&#8221;6522&#8243; img_size=&#8221;medium&#8221; alignment=&#8221;center&#8221;][vc_empty_space height=&#8221;52px&#8221;][\/vc_column][\/vc_row][vc_row][vc_column][vc_single_image image=&#8221;5922&#8243; img_size=&#8221;medium&#8221; alignment=&#8221;center&#8221;][vc_empty_space height=&#8221;52px&#8221;][\/vc_column][\/vc_row][vc_row][vc_column][vc_text_separator title=&#8221;&#8221; i_icon_fontawesome=&#8221;fas fa-wine-glass-alt&#8221; i_color=&#8221;custom&#8221; el_width=&#8221;30&#8243; add_icon=&#8221;true&#8221; i_custom_color=&#8221;#c8693a&#8221;][\/vc_column][\/vc_row][vc_row][vc_column][vc_media_grid element_width=&#8221;3&#8243; grid_id=&#8221;vc_gid:1642591168626-ec77ce01-24a0-8&#8243; include=&#8221;5900,5902,5904,5906&#8243;][vc_empty_space height=&#8221;52px&#8221;][\/vc_column][\/vc_row][vc_row][vc_column][vc_text_separator title=&#8221;&#8221; i_icon_fontawesome=&#8221;fas fa-wine-glass-alt&#8221; i_color=&#8221;custom&#8221; el_width=&#8221;30&#8243; add_icon=&#8221;true&#8221; i_custom_color=&#8221;#c8693a&#8221;][\/vc_column][\/vc_row][vc_row][vc_column][vc_single_image image=&#8221;5896&#8243; img_size=&#8221;medium&#8221; alignment=&#8221;center&#8221;][vc_empty_space height=&#8221;52px&#8221;][\/vc_column][\/vc_row][vc_row][vc_column][vc_text_separator title=&#8221;&#8221; i_icon_fontawesome=&#8221;fas fa-wine-glass-alt&#8221; i_color=&#8221;custom&#8221; el_width=&#8221;30&#8243; add_icon=&#8221;true&#8221; i_custom_color=&#8221;#c8693a&#8221;][\/vc_column][\/vc_row][vc_row][vc_column][vc_single_image image=&#8221;6036&#8243; img_size=&#8221;medium&#8221; alignment=&#8221;center&#8221;][vc_empty_space height=&#8221;52px&#8221;][\/vc_column][\/vc_row][vc_row][vc_column][vc_text_separator title=&#8221;&#8221; i_icon_fontawesome=&#8221;fas fa-wine-glass-alt&#8221; i_color=&#8221;custom&#8221; [&hellip;]\" \/>\n<meta property=\"og:url\" content=\"https:\/\/bonawinery.sk\/hu\/hirek\/\" \/>\n<meta property=\"og:site_name\" content=\"Bonawinery\" \/>\n<meta property=\"article:modified_time\" content=\"2022-01-19T11:23:28+00:00\" \/>\n<meta name=\"twitter:card\" content=\"summary_large_image\" \/>\n<meta name=\"twitter:label1\" content=\"Becs\u00fclt olvas\u00e1si id\u0151\">\n\t<meta name=\"twitter:data1\" content=\"2 perc\">\n<script type=\"application\/ld+json\" class=\"yoast-schema-graph\">{\"@context\":\"https:\/\/schema.org\",\"@graph\":[{\"@type\":\"WebSite\",\"@id\":\"https:\/\/bonawinery.sk\/#website\",\"url\":\"https:\/\/bonawinery.sk\/\",\"name\":\"Bonawinery\",\"description\":\"Bonawinery\",\"potentialAction\":[{\"@type\":\"SearchAction\",\"target\":\"https:\/\/bonawinery.sk\/?s={search_term_string}\",\"query-input\":\"required name=search_term_string\"}],\"inLanguage\":\"hu\"},{\"@type\":\"WebPage\",\"@id\":\"https:\/\/bonawinery.sk\/hu\/hirek\/#webpage\",\"url\":\"https:\/\/bonawinery.sk\/hu\/hirek\/\",\"name\":\"H\\u00edrek - Bonawinery\",\"isPartOf\":{\"@id\":\"https:\/\/bonawinery.sk\/#website\"},\"datePublished\":\"2020-04-17T11:13:57+00:00\",\"dateModified\":\"2022-01-19T11:23:28+00:00\",\"inLanguage\":\"hu\",\"potentialAction\":[{\"@type\":\"ReadAction\",\"target\":[\"https:\/\/bonawinery.sk\/hu\/hirek\/\"]}]}]}<\/script>\n<!-- \/ Yoast SEO plugin. -->","_links":{"self":[{"href":"https:\/\/bonawinery.sk\/hu\/wp-json\/wp\/v2\/pages\/5320"}],"collection":[{"href":"https:\/\/bonawinery.sk\/hu\/wp-json\/wp\/v2\/pages"}],"about":[{"href":"https:\/\/bonawinery.sk\/hu\/wp-json\/wp\/v2\/types\/page"}],"author":[{"embeddable":true,"href":"https:\/\/bonawinery.sk\/hu\/wp-json\/wp\/v2\/users\/4"}],"replies":[{"embeddable":true,"href":"https:\/\/bonawinery.sk\/hu\/wp-json\/wp\/v2\/comments?post=5320"}],"version-history":[{"count":21,"href":"https:\/\/bonawinery.sk\/hu\/wp-json\/wp\/v2\/pages\/5320\/revisions"}],"predecessor-version":[{"id":6525,"href":"https:\/\/bonawinery.sk\/hu\/wp-json\/wp\/v2\/pages\/5320\/revisions\/6525"}],"wp:attachment":[{"href":"https:\/\/bonawinery.sk\/hu\/wp-json\/wp\/v2\/media?parent=5320"}],"curies":[{"name":"wp","href":"https:\/\/api.w.org\/{rel}","templated":true}]}}