{"id":7070,"date":"2025-11-04T09:25:31","date_gmt":"2025-11-04T08:25:31","guid":{"rendered":"https:\/\/bonawinery.sk\/?post_type=product&#038;p=7070"},"modified":"2025-11-04T09:26:51","modified_gmt":"2025-11-04T08:26:51","slug":"gewurztraminer-essential-2024","status":"publish","type":"product","link":"https:\/\/bonawinery.sk\/en\/produkt\/gewurztraminer-essential-2024\/","title":{"rendered":"Gew\u00fcrztraminer Essential 2024"},"content":{"rendered":"","protected":false},"excerpt":{"rendered":"<p data-start=\"3115\" data-end=\"3643\"><strong data-start=\"3115\" data-end=\"3134\">Classification:<\/strong> White, sweet<br data-start=\"3147\" data-end=\"3150\" \/><strong data-start=\"3150\" data-end=\"3159\">Line:<\/strong> Limited Edition<br data-start=\"3175\" data-end=\"3178\" \/><strong data-start=\"3178\" data-end=\"3207\">Sugar content at harvest:<\/strong> 34 \u00b0NM<br data-start=\"3214\" data-end=\"3217\" \/><strong data-start=\"3217\" data-end=\"3229\">Alcohol:<\/strong> 11.5%<br data-start=\"3235\" data-end=\"3238\" \/><strong data-start=\"3238\" data-end=\"3257\">Residual sugar:<\/strong> 155 g\/l<br data-start=\"3265\" data-end=\"3268\" \/><strong data-start=\"3268\" data-end=\"3280\">Acidity:<\/strong> 6.8 g\/l<br data-start=\"3288\" data-end=\"3291\" \/><strong data-start=\"3291\" data-end=\"3304\">Vineyard:<\/strong> B\u00e1torove Kosihy, Szentl\u00e1szl\u00f3 vineyard<br data-start=\"3342\" data-end=\"3345\" \/><strong data-start=\"3345\" data-end=\"3354\">Soil:<\/strong> Clay-loam, loess, partly sandy<br data-start=\"3385\" data-end=\"3388\" \/><strong data-start=\"3388\" data-end=\"3403\">Technology:<\/strong> Grapes dried on cut canes in the vineyard, hand-harvested, whole-cluster pressing, reductive processing, controlled fermentation at low temperatures, aged in stainless steel tanks for 3 months on fine lees, filtered once before bottling.<\/p>\n<p data-start=\"3645\" data-end=\"3834\"><strong data-start=\"3645\" data-end=\"3663\">Tasting notes:<\/strong><br data-start=\"3663\" data-end=\"3666\" \/>A concentrated, extract-rich, intensely aromatic wine with notes of candied fruit, honey, and characteristic raisin tones. Any wine crystals are natural and harmless.<\/p>\n<p data-start=\"3836\" data-end=\"4189\"><strong data-start=\"3836\" data-end=\"3853\">Food pairing:<\/strong> Thanks to its high residual sugar, it pairs beautifully with very sweet desserts, especially those with similar flavors\u2014fruit cakes, honey-based desserts like Marlenka, or cheesecakes. It can also be enjoyed on its own as a dessert wine.<br data-start=\"4091\" data-end=\"4094\" \/><strong data-start=\"4094\" data-end=\"4118\">Serving temperature:<\/strong> 8\u201312 \u00b0C<br data-start=\"4126\" data-end=\"4129\" \/><strong data-start=\"4129\" data-end=\"4156\">Bottle aging potential:<\/strong> 2\u201330 years<br data-start=\"4167\" data-end=\"4170\" \/><strong data-start=\"4170\" data-end=\"4181\">Volume:<\/strong> 0.5 l<\/p>\n","protected":false},"featured_media":7063,"template":"","meta":[],"yoast_head":"<!-- This site is optimized with the Yoast SEO plugin v15.6.2 - https:\/\/yoast.com\/wordpress\/plugins\/seo\/ -->\n<title>Gew\u00fcrztraminer Essential 2024 - Bonawinery<\/title>\n<meta name=\"robots\" content=\"index, follow, max-snippet:-1, max-image-preview:large, max-video-preview:-1\" \/>\n<link rel=\"canonical\" href=\"https:\/\/bonawinery.sk\/en\/produkt\/gewurztraminer-essential-2024\/\" \/>\n<meta property=\"og:locale\" content=\"en_US\" \/>\n<meta property=\"og:type\" content=\"article\" \/>\n<meta property=\"og:title\" content=\"Gew\u00fcrztraminer Essential 2024 - Bonawinery\" \/>\n<meta property=\"og:description\" content=\"Classification: White, sweetLine: Limited EditionSugar content at harvest: 34 \u00b0NMAlcohol: 11.5%Residual sugar: 155 g\/lAcidity: 6.8 g\/lVineyard: B\u00e1torove Kosihy, Szentl\u00e1szl\u00f3 vineyardSoil: Clay-loam, loess, partly sandyTechnology: Grapes dried on cut canes in the vineyard, hand-harvested, whole-cluster pressing, reductive processing, controlled fermentation at low temperatures, aged in stainless steel tanks for 3 months on fine lees, filtered once before bottling. Tasting notes:A concentrated, extract-rich, intensely aromatic wine with notes of candied fruit, honey, and characteristic raisin tones. Any wine crystals are natural and harmless. Food pairing: Thanks to its high residual sugar, it pairs beautifully with very sweet desserts, especially those with similar flavors\u2014fruit cakes, honey-based desserts like Marlenka, or cheesecakes. It can also be enjoyed on its own as a dessert wine.Serving temperature: 8\u201312 \u00b0CBottle aging potential: 2\u201330 yearsVolume: 0.5 l\" \/>\n<meta property=\"og:url\" content=\"https:\/\/bonawinery.sk\/en\/produkt\/gewurztraminer-essential-2024\/\" \/>\n<meta property=\"og:site_name\" content=\"Bonawinery\" \/>\n<meta property=\"article:modified_time\" content=\"2025-11-04T08:26:51+00:00\" \/>\n<meta property=\"og:image\" content=\"https:\/\/bonawinery.sk\/wp-content\/uploads\/2025\/09\/Tramin-cerveny-essential-24.jpg\" \/>\n\t<meta property=\"og:image:width\" content=\"1708\" \/>\n\t<meta property=\"og:image:height\" content=\"2560\" \/>\n<meta name=\"twitter:card\" content=\"summary_large_image\" \/>\n<script type=\"application\/ld+json\" class=\"yoast-schema-graph\">{\"@context\":\"https:\/\/schema.org\",\"@graph\":[{\"@type\":\"WebSite\",\"@id\":\"https:\/\/bonawinery.sk\/#website\",\"url\":\"https:\/\/bonawinery.sk\/\",\"name\":\"Bonawinery\",\"description\":\"Bonawinery\",\"potentialAction\":[{\"@type\":\"SearchAction\",\"target\":\"https:\/\/bonawinery.sk\/?s={search_term_string}\",\"query-input\":\"required name=search_term_string\"}],\"inLanguage\":\"en-US\"},{\"@type\":\"ImageObject\",\"@id\":\"https:\/\/bonawinery.sk\/en\/produkt\/gewurztraminer-essential-2024\/#primaryimage\",\"inLanguage\":\"en-US\",\"url\":\"https:\/\/bonawinery.sk\/wp-content\/uploads\/2025\/09\/Tramin-cerveny-essential-24.jpg\",\"width\":1708,\"height\":2560},{\"@type\":\"WebPage\",\"@id\":\"https:\/\/bonawinery.sk\/en\/produkt\/gewurztraminer-essential-2024\/#webpage\",\"url\":\"https:\/\/bonawinery.sk\/en\/produkt\/gewurztraminer-essential-2024\/\",\"name\":\"Gew\\u00fcrztraminer Essential 2024 - Bonawinery\",\"isPartOf\":{\"@id\":\"https:\/\/bonawinery.sk\/#website\"},\"primaryImageOfPage\":{\"@id\":\"https:\/\/bonawinery.sk\/en\/produkt\/gewurztraminer-essential-2024\/#primaryimage\"},\"datePublished\":\"2025-11-04T08:25:31+00:00\",\"dateModified\":\"2025-11-04T08:26:51+00:00\",\"inLanguage\":\"en-US\",\"potentialAction\":[{\"@type\":\"ReadAction\",\"target\":[\"https:\/\/bonawinery.sk\/en\/produkt\/gewurztraminer-essential-2024\/\"]}]}]}<\/script>\n<!-- \/ Yoast SEO plugin. -->","_links":{"self":[{"href":"https:\/\/bonawinery.sk\/en\/wp-json\/wp\/v2\/product\/7070"}],"collection":[{"href":"https:\/\/bonawinery.sk\/en\/wp-json\/wp\/v2\/product"}],"about":[{"href":"https:\/\/bonawinery.sk\/en\/wp-json\/wp\/v2\/types\/product"}],"wp:featuredmedia":[{"embeddable":true,"href":"https:\/\/bonawinery.sk\/en\/wp-json\/wp\/v2\/media\/7063"}],"wp:attachment":[{"href":"https:\/\/bonawinery.sk\/en\/wp-json\/wp\/v2\/media?parent=7070"}],"curies":[{"name":"wp","href":"https:\/\/api.w.org\/{rel}","templated":true}]}}