{"id":7018,"date":"2024-09-12T20:32:31","date_gmt":"2024-09-12T18:32:30","guid":{"rendered":"https:\/\/bonawinery.sk\/?post_type=product&#038;p=7018"},"modified":"2024-09-12T20:37:59","modified_gmt":"2024-09-12T18:37:59","slug":"sekt-bona-48-2019","status":"publish","type":"product","link":"https:\/\/bonawinery.sk\/en\/produkt\/sekt-bona-48-2019\/","title":{"rendered":"Sekt B\u00f3na ,,48\u201c 2019"},"content":{"rendered":"","protected":false},"excerpt":{"rendered":"<p><strong>Classification:<\/strong> brut, m\u00e9thode traditionelle sekt<\/p>\n<p><strong>Wine families<\/strong>:\u00a0Fresh<\/p>\n<p><strong>Grape variety:<\/strong> Chardonnay (70%) &#8211; Pinot noir (30%)<\/p>\n<p><strong>Sugar content of must<\/strong>: 19,5 \u00b0NM<\/p>\n<p><strong>Alcohol by volume:<\/strong> 12,5 %<\/p>\n<p><strong>Dosage:<\/strong> 4,5 g\/l<\/p>\n<p><strong>Acidity<\/strong>: 5,44 g\/l<\/p>\n<p><strong>Vineyard:<\/strong> Szentl\u00e1szl\u00f3 Vineyard (B\u00e1torove Kosihy, Slovakia)<\/p>\n<p><strong>Soil:<\/strong>\u00a0loamy, clay, loess soil, in some parts sand<\/p>\n<p><strong>Winemaking process:<\/strong> hand \u2013 picked, whole cluster press, reductive processing, controlled fermentation at lower temperatures, secondary fermentation in bottles, disgorgement after 48 months<\/p>\n<p><strong>Aroma and taste:<\/strong> Sekt with light yellow color and green reflexes. Aroma and taste are citrus-dominated with autolization notes, in the aftertaste complemented by redberry fruits.\u00a0 The effervescence is soft, elegant and long-lasting.<\/p>\n<p><strong>Food pairing<\/strong>: aperitif, seafood and fish, white meat with neutral flavor, cream soups, avocado, Emmental and goat cheese<\/p>\n<p><strong>Serving temperature:<\/strong>\u00a0between 6-8 \u00b0C<\/p>\n<p><strong>Bottle maturity<\/strong>: 1-10 years<\/p>\n<p><strong>Bottle capacity:<\/strong>\u00a00,75 l<\/p>\n<p><strong>Wine sutiable for histamine sensitive people (total content under 0,25mg\/l).<\/strong><\/p>\n","protected":false},"featured_media":6986,"template":"","meta":[],"yoast_head":"<!-- This site is optimized with the Yoast SEO plugin v15.6.2 - https:\/\/yoast.com\/wordpress\/plugins\/seo\/ -->\n<title>Sekt B\u00f3na ,,48\u201c 2019 - Bonawinery<\/title>\n<meta name=\"robots\" content=\"index, follow, max-snippet:-1, max-image-preview:large, max-video-preview:-1\" \/>\n<link rel=\"canonical\" href=\"https:\/\/bonawinery.sk\/en\/produkt\/sekt-bona-48-2019\/\" \/>\n<meta property=\"og:locale\" content=\"en_US\" \/>\n<meta property=\"og:type\" content=\"article\" \/>\n<meta property=\"og:title\" content=\"Sekt B\u00f3na ,,48\u201c 2019 - Bonawinery\" \/>\n<meta property=\"og:description\" content=\"Classification: brut, m\u00e9thode traditionelle sekt  Wine families:\u00a0Fresh  Grape variety: Chardonnay (70%) - Pinot noir (30%)  Sugar content of must: 19,5 \u00b0NM  Alcohol by volume: 12,5 %  Dosage: 4,5 g\/l  Acidity: 5,44 g\/l  Vineyard: Szentl\u00e1szl\u00f3 Vineyard (B\u00e1torove Kosihy, Slovakia)  Soil:\u00a0loamy, clay, loess soil, in some parts sand  Winemaking process: hand \u2013 picked, whole cluster press, reductive processing, controlled fermentation at lower temperatures, secondary fermentation in bottles, disgorgement after 48 months  Aroma and taste: Sekt with light yellow color and green reflexes. Aroma and taste are citrus-dominated with autolization notes, in the aftertaste complemented by redberry fruits.\u00a0 The effervescence is soft, elegant and long-lasting.  Food pairing: aperitif, seafood and fish, white meat with neutral flavor, cream soups, avocado, Emmental and goat cheese  Serving temperature:\u00a0between 6-8 \u00b0C  Bottle maturity: 1-10 years  Bottle capacity:\u00a00,75 l  Wine sutiable for histamine sensitive people (total content under 0,25mg\/l).\" \/>\n<meta property=\"og:url\" content=\"https:\/\/bonawinery.sk\/en\/produkt\/sekt-bona-48-2019\/\" \/>\n<meta property=\"og:site_name\" content=\"Bonawinery\" \/>\n<meta property=\"article:modified_time\" content=\"2024-09-12T18:37:59+00:00\" \/>\n<meta property=\"og:image\" content=\"https:\/\/bonawinery.sk\/wp-content\/uploads\/2024\/06\/240626-194217-14-PCD-BonaWinery_Studio_X__0101A-scaled.jpg\" \/>\n\t<meta property=\"og:image:width\" content=\"1708\" \/>\n\t<meta property=\"og:image:height\" content=\"2560\" \/>\n<meta name=\"twitter:card\" content=\"summary_large_image\" \/>\n<script type=\"application\/ld+json\" class=\"yoast-schema-graph\">{\"@context\":\"https:\/\/schema.org\",\"@graph\":[{\"@type\":\"WebSite\",\"@id\":\"https:\/\/bonawinery.sk\/#website\",\"url\":\"https:\/\/bonawinery.sk\/\",\"name\":\"Bonawinery\",\"description\":\"Bonawinery\",\"potentialAction\":[{\"@type\":\"SearchAction\",\"target\":\"https:\/\/bonawinery.sk\/?s={search_term_string}\",\"query-input\":\"required name=search_term_string\"}],\"inLanguage\":\"en-US\"},{\"@type\":\"ImageObject\",\"@id\":\"https:\/\/bonawinery.sk\/en\/produkt\/sekt-bona-48-2019\/#primaryimage\",\"inLanguage\":\"en-US\",\"url\":\"https:\/\/bonawinery.sk\/wp-content\/uploads\/2024\/06\/240626-194217-14-PCD-BonaWinery_Studio_X__0101A-scaled.jpg\",\"width\":1708,\"height\":2560},{\"@type\":\"WebPage\",\"@id\":\"https:\/\/bonawinery.sk\/en\/produkt\/sekt-bona-48-2019\/#webpage\",\"url\":\"https:\/\/bonawinery.sk\/en\/produkt\/sekt-bona-48-2019\/\",\"name\":\"Sekt B\\u00f3na ,,48\\u201c 2019 - Bonawinery\",\"isPartOf\":{\"@id\":\"https:\/\/bonawinery.sk\/#website\"},\"primaryImageOfPage\":{\"@id\":\"https:\/\/bonawinery.sk\/en\/produkt\/sekt-bona-48-2019\/#primaryimage\"},\"datePublished\":\"2024-09-12T18:32:30+00:00\",\"dateModified\":\"2024-09-12T18:37:59+00:00\",\"inLanguage\":\"en-US\",\"potentialAction\":[{\"@type\":\"ReadAction\",\"target\":[\"https:\/\/bonawinery.sk\/en\/produkt\/sekt-bona-48-2019\/\"]}]}]}<\/script>\n<!-- \/ Yoast SEO plugin. -->","_links":{"self":[{"href":"https:\/\/bonawinery.sk\/en\/wp-json\/wp\/v2\/product\/7018"}],"collection":[{"href":"https:\/\/bonawinery.sk\/en\/wp-json\/wp\/v2\/product"}],"about":[{"href":"https:\/\/bonawinery.sk\/en\/wp-json\/wp\/v2\/types\/product"}],"wp:featuredmedia":[{"embeddable":true,"href":"https:\/\/bonawinery.sk\/en\/wp-json\/wp\/v2\/media\/6986"}],"wp:attachment":[{"href":"https:\/\/bonawinery.sk\/en\/wp-json\/wp\/v2\/media?parent=7018"}],"curies":[{"name":"wp","href":"https:\/\/api.w.org\/{rel}","templated":true}]}}