{"id":7016,"date":"2024-09-12T20:05:10","date_gmt":"2024-09-12T18:05:10","guid":{"rendered":"https:\/\/bonawinery.sk\/?post_type=product&#038;p=7016"},"modified":"2025-02-18T15:59:22","modified_gmt":"2025-02-18T14:59:22","slug":"breslava-2023","status":"publish","type":"product","link":"https:\/\/bonawinery.sk\/en\/produkt\/breslava-2023\/","title":{"rendered":"Breslava 2023"},"content":{"rendered":"","protected":false},"excerpt":{"rendered":"<p><strong><span style=\"color: #000000;\"><span style=\"font-family: Spectral, serif;\"><span style=\"font-size: large;\"><b>Classification<\/b><\/span><\/span><\/span><\/strong><span style=\"color: #000000;\"><span style=\"font-family: Spectral, serif;\"><span style=\"font-size: large;\">: dry white wine<\/span><\/span><\/span><\/p>\n<p><strong><span style=\"color: #000000;\"><span style=\"font-family: Spectral, serif;\"><span style=\"font-size: large;\"><b>Wine family<\/b><\/span><\/span><\/span><\/strong><span style=\"color: #000000;\"><span style=\"font-family: Spectral, serif;\"><span style=\"font-size: large;\">:\u00a0Fresh<\/span><\/span><\/span><\/p>\n<p><strong><span style=\"color: #000000;\"><span style=\"font-family: Spectral, serif;\"><span style=\"font-size: large;\"><b>Grape variety<\/b><\/span><\/span><\/span><\/strong><span style=\"color: #000000;\"><span style=\"font-family: Spectral, serif;\"><span style=\"font-size: large;\">: Breslava \u2013 local grape variety, (Chrupka pink x Gew\u00fcrztraminer) x St. Maria d\u2019Alcantara)<\/span><\/span><\/span><\/p>\n<p><strong><span style=\"color: #000000;\"><span style=\"font-family: Spectral, serif;\"><span style=\"font-size: large;\"><b>Sugar content of must<\/b><\/span><\/span><\/span><\/strong><span style=\"color: #000000;\"><span style=\"font-family: Spectral, serif;\"><span style=\"font-size: large;\">: 20,5 \u00b0NM<\/span><\/span><\/span><\/p>\n<p><strong><span style=\"color: #000000;\"><span style=\"font-family: Spectral, serif;\"><span style=\"font-size: large;\"><b>Date of harvest<\/b><\/span><\/span><\/span><\/strong><span style=\"color: #000000;\"><span style=\"font-family: Spectral, serif;\"><span style=\"font-size: large;\">: 20.9.2022<\/span><\/span><\/span><\/p>\n<p><strong><span style=\"color: #000000;\"><span style=\"font-family: Spectral, serif;\"><span style=\"font-size: large;\"><b>Residual sugar<\/b><\/span><\/span><\/span><\/strong><span style=\"color: #000000;\"><span style=\"font-family: Spectral, serif;\"><span style=\"font-size: large;\">: 8,8 g\/l<\/span><\/span><\/span><\/p>\n<p><strong><span style=\"color: #000000;\"><span style=\"font-family: Spectral, serif;\"><span style=\"font-size: large;\"><b>Acidity:<\/b><\/span><\/span><\/span><\/strong><span style=\"color: #000000;\"><span style=\"font-family: Spectral, serif;\"><span style=\"font-size: medium;\">\u00a0<\/span><\/span><\/span><span style=\"color: #000000;\"><span style=\"font-family: Spectral, serif;\"><span style=\"font-size: large;\">6 g\/l<\/span><\/span><\/span><\/p>\n<p><strong><span style=\"color: #000000;\"><span style=\"font-family: Spectral, serif;\"><span style=\"font-size: large;\"><b>Vineyard<\/b><\/span><\/span><\/span><\/strong><span style=\"color: #000000;\"><span style=\"font-family: Spectral, serif;\"><span style=\"font-size: large;\">: Szentl\u00e1szl\u00f3 Vineyard (B\u00e1torove Kosihy, Slovakia)<\/span><\/span><\/span><\/p>\n<p><strong><span style=\"color: #000000;\"><span style=\"font-family: Spectral, serif;\"><span style=\"font-size: large;\"><b>Soil<\/b><\/span><\/span><\/span><\/strong><span style=\"color: #000000;\"><span style=\"font-family: Spectral, serif;\"><span style=\"font-size: large;\">: loamy clay, loess soil, in some parts sand<\/span><\/span><\/span><\/p>\n<p><span style=\"color: #000000;\"><span style=\"font-family: Spectral, serif;\"><span style=\"font-size: large;\"><b>Winemaking process:<\/b>\u00a0hand- picked, short maceration, reductive processing, controlled fermentation at lower temperatures, maturation in stainless steels, 3 months on fine lees, one filtration before bottling.<\/span><\/span><\/span><\/p>\n<p><strong><span style=\"color: #000000;\"><span style=\"font-family: Spectral, serif;\"><span style=\"font-size: large;\"><b>Aroma and taste<\/b><\/span><\/span><\/span><\/strong><span style=\"color: #000000;\"><span style=\"font-family: Spectral, serif;\"><span style=\"font-size: large;\">: Opulent and harmonious wine structurally evoking Gew\u00fcrztraminer. The taste and the aromatics are more into flowers and tropical fruits. Next to them you can find also pepper, rose petal, minerality and a minimal variety-typical bitterness reminding tea leaves. Precipitation of tartrate crystals is a natural process and doesn\u2019t affect the wine\u2019s quality.<\/span><\/span><\/span><\/p>\n<p><strong><span style=\"color: #000000;\"><span style=\"font-family: Spectral, serif;\"><span style=\"font-size: large;\"><b>Food pairing<\/b><\/span><\/span><\/span><\/strong><span style=\"color: #000000;\"><span style=\"font-family: Spectral, serif;\"><span style=\"font-size: large;\">: asian kitchen, grilled vegetables, fruit salads, avocado, goat cheese<\/span><\/span><\/span><\/p>\n<p><strong><span style=\"color: #000000;\"><span style=\"font-family: Spectral, serif;\"><span style=\"font-size: large;\"><b>Serving temperature<\/b><\/span><\/span><\/span><\/strong><span style=\"color: #000000;\"><span style=\"font-family: Spectral, serif;\"><span style=\"font-size: large;\">:\u00a0between 8 \u2013 10 \u00b0C<\/span><\/span><\/span><\/p>\n<p><strong><span style=\"color: #000000;\"><span style=\"font-family: Spectral, serif;\"><span style=\"font-size: large;\"><b>Bottle maturity<\/b><\/span><\/span><\/span><\/strong><span style=\"color: #000000;\"><span style=\"font-family: Spectral, serif;\"><span style=\"font-size: large;\">: 1 \u2013 3 years <\/span><\/span><\/span><\/p>\n<p><strong><span style=\"color: #000000;\"><span style=\"font-family: Spectral, serif;\"><span style=\"font-size: large;\"><b>Bottle capacity<\/b><\/span><\/span><\/span><\/strong><span style=\"color: #000000;\"><span style=\"font-family: Spectral, serif;\"><span style=\"font-size: large;\">:\u00a00,75 L<\/span><\/span><\/span><\/p>\n<p><span style=\"color: #000000;\"><span style=\"font-family: Spectral, serif;\"><span style=\"font-size: large;\">Wine suitable for histamine sensitive people (total content under\u00a00,25mg\/l).<\/span><\/span><\/span><\/p>\n","protected":false},"featured_media":6996,"template":"","meta":[],"yoast_head":"<!-- This site is optimized with the Yoast SEO plugin v15.6.2 - https:\/\/yoast.com\/wordpress\/plugins\/seo\/ -->\n<title>Breslava 2023 - Bonawinery<\/title>\n<meta name=\"robots\" content=\"index, follow, max-snippet:-1, max-image-preview:large, max-video-preview:-1\" \/>\n<link rel=\"canonical\" href=\"https:\/\/bonawinery.sk\/en\/produkt\/breslava-2023\/\" \/>\n<meta property=\"og:locale\" content=\"en_US\" \/>\n<meta property=\"og:type\" content=\"article\" \/>\n<meta property=\"og:title\" content=\"Breslava 2023 - Bonawinery\" \/>\n<meta property=\"og:description\" content=\"Classification: dry white wine  Wine family:\u00a0Fresh  Grape variety: Breslava \u2013 local grape variety, (Chrupka pink x Gew\u00fcrztraminer) x St. Maria d\u2019Alcantara)  Sugar content of must: 20,5 \u00b0NM  Date of harvest: 20.9.2022  Residual sugar: 8,8 g\/l  Acidity:\u00a06 g\/l  Vineyard: Szentl\u00e1szl\u00f3 Vineyard (B\u00e1torove Kosihy, Slovakia)  Soil: loamy clay, loess soil, in some parts sand  Winemaking process:\u00a0hand- picked, short maceration, reductive processing, controlled fermentation at lower temperatures, maturation in stainless steels, 3 months on fine lees, one filtration before bottling.  Aroma and taste: Opulent and harmonious wine structurally evoking Gew\u00fcrztraminer. The taste and the aromatics are more into flowers and tropical fruits. Next to them you can find also pepper, rose petal, minerality and a minimal variety-typical bitterness reminding tea leaves. Precipitation of tartrate crystals is a natural process and doesn\u2019t affect the wine\u2019s quality.  Food pairing: asian kitchen, grilled vegetables, fruit salads, avocado, goat cheese  Serving temperature:\u00a0between 8 \u2013 10 \u00b0C  Bottle maturity: 1 \u2013 3 years   Bottle capacity:\u00a00,75 L  Wine suitable for histamine sensitive people (total content under\u00a00,25mg\/l).\" \/>\n<meta property=\"og:url\" content=\"https:\/\/bonawinery.sk\/en\/produkt\/breslava-2023\/\" \/>\n<meta property=\"og:site_name\" content=\"Bonawinery\" \/>\n<meta property=\"article:modified_time\" content=\"2025-02-18T14:59:22+00:00\" \/>\n<meta property=\"og:image\" content=\"https:\/\/bonawinery.sk\/wp-content\/uploads\/2024\/06\/240626-192038-14-PCD-BonaWinery_Studio_X__0032A-scaled.jpg\" \/>\n\t<meta property=\"og:image:width\" content=\"1708\" \/>\n\t<meta property=\"og:image:height\" content=\"2560\" \/>\n<meta name=\"twitter:card\" content=\"summary_large_image\" \/>\n<script type=\"application\/ld+json\" class=\"yoast-schema-graph\">{\"@context\":\"https:\/\/schema.org\",\"@graph\":[{\"@type\":\"WebSite\",\"@id\":\"https:\/\/bonawinery.sk\/#website\",\"url\":\"https:\/\/bonawinery.sk\/\",\"name\":\"Bonawinery\",\"description\":\"Bonawinery\",\"potentialAction\":[{\"@type\":\"SearchAction\",\"target\":\"https:\/\/bonawinery.sk\/?s={search_term_string}\",\"query-input\":\"required name=search_term_string\"}],\"inLanguage\":\"en-US\"},{\"@type\":\"ImageObject\",\"@id\":\"https:\/\/bonawinery.sk\/en\/produkt\/breslava-2023\/#primaryimage\",\"inLanguage\":\"en-US\",\"url\":\"https:\/\/bonawinery.sk\/wp-content\/uploads\/2024\/06\/240626-192038-14-PCD-BonaWinery_Studio_X__0032A-scaled.jpg\",\"width\":1708,\"height\":2560},{\"@type\":\"WebPage\",\"@id\":\"https:\/\/bonawinery.sk\/en\/produkt\/breslava-2023\/#webpage\",\"url\":\"https:\/\/bonawinery.sk\/en\/produkt\/breslava-2023\/\",\"name\":\"Breslava 2023 - Bonawinery\",\"isPartOf\":{\"@id\":\"https:\/\/bonawinery.sk\/#website\"},\"primaryImageOfPage\":{\"@id\":\"https:\/\/bonawinery.sk\/en\/produkt\/breslava-2023\/#primaryimage\"},\"datePublished\":\"2024-09-12T18:05:10+00:00\",\"dateModified\":\"2025-02-18T14:59:22+00:00\",\"inLanguage\":\"en-US\",\"potentialAction\":[{\"@type\":\"ReadAction\",\"target\":[\"https:\/\/bonawinery.sk\/en\/produkt\/breslava-2023\/\"]}]}]}<\/script>\n<!-- \/ Yoast SEO plugin. -->","_links":{"self":[{"href":"https:\/\/bonawinery.sk\/en\/wp-json\/wp\/v2\/product\/7016"}],"collection":[{"href":"https:\/\/bonawinery.sk\/en\/wp-json\/wp\/v2\/product"}],"about":[{"href":"https:\/\/bonawinery.sk\/en\/wp-json\/wp\/v2\/types\/product"}],"wp:featuredmedia":[{"embeddable":true,"href":"https:\/\/bonawinery.sk\/en\/wp-json\/wp\/v2\/media\/6996"}],"wp:attachment":[{"href":"https:\/\/bonawinery.sk\/en\/wp-json\/wp\/v2\/media?parent=7016"}],"curies":[{"name":"wp","href":"https:\/\/api.w.org\/{rel}","templated":true}]}}