{"id":6856,"date":"2023-07-04T14:25:28","date_gmt":"2023-07-04T12:25:28","guid":{"rendered":"https:\/\/bonawinery.sk\/?post_type=product&#038;p=6856"},"modified":"2025-02-18T16:11:32","modified_gmt":"2025-02-18T15:11:32","slug":"gruner-veltliner-orange-2021","status":"publish","type":"product","link":"https:\/\/bonawinery.sk\/en\/produkt\/gruner-veltliner-orange-2021\/","title":{"rendered":"Gr\u00fcner Veltliner orange 2021"},"content":{"rendered":"","protected":false},"excerpt":{"rendered":"<p><strong><span style=\"color: #817c7b;\"><span style=\"font-family: Spectral, serif;\"><span style=\"font-size: medium;\"><b>Classification<\/b><\/span><\/span><\/span><\/strong><span style=\"color: #817c7b;\"><span style=\"font-family: Spectral, serif;\"><span style=\"font-size: medium;\">: Dry white wine<\/span><\/span><\/span><\/p>\n<p><strong><span style=\"color: #817c7b;\"><span style=\"font-family: Spectral, serif;\"><span style=\"font-size: medium;\"><b>Wine family:<\/b><\/span><\/span><\/span><\/strong><span style=\"color: #817c7b;\"><span style=\"font-family: Spectral, serif;\"><span style=\"font-size: medium;\">\u00a0Low intervention<\/span><\/span><\/span><\/p>\n<p><strong><span style=\"color: #817c7b;\"><span style=\"font-family: Spectral, serif;\"><span style=\"font-size: medium;\"><b>Sugar content of must:<\/b><\/span><\/span><\/span><\/strong><span style=\"color: #817c7b;\"><span style=\"font-family: Spectral, serif;\"><span style=\"font-size: medium;\">\u00a022 \u00b0NM<\/span><\/span><\/span><\/p>\n<p><strong><span style=\"color: #817c7b;\"><span style=\"font-family: Spectral, serif;\"><span style=\"font-size: medium;\"><b>Date of harvest:<\/b><\/span><\/span><\/span><\/strong><span style=\"color: #817c7b;\"><span style=\"font-family: Spectral, serif;\"><span style=\"font-size: medium;\">\u00a029.9.2021<\/span><\/span><\/span><\/p>\n<p><strong><span style=\"color: #817c7b;\"><span style=\"font-family: Spectral, serif;\"><span style=\"font-size: medium;\"><b>Alcohol by volume:<\/b><\/span><\/span><\/span><\/strong><span style=\"color: #817c7b;\"><span style=\"font-family: Spectral, serif;\"><span style=\"font-size: medium;\">\u00a013 %<\/span><\/span><\/span><\/p>\n<p><strong><span style=\"color: #817c7b;\"><span style=\"font-family: Spectral, serif;\"><span style=\"font-size: medium;\"><b>Residual sugar:<\/b><\/span><\/span><\/span><\/strong><span style=\"color: #817c7b;\"><span style=\"font-family: Spectral, serif;\"><span style=\"font-size: medium;\">\u00a02,2 g\/l<\/span><\/span><\/span><\/p>\n<p><strong><span style=\"color: #817c7b;\"><span style=\"font-family: Spectral, serif;\"><span style=\"font-size: medium;\"><b>Acidity:<\/b><\/span><\/span><\/span><\/strong><span style=\"color: #817c7b;\"><span style=\"font-family: Spectral, serif;\"><span style=\"font-size: medium;\">\u00a05,2 g\/l<\/span><\/span><\/span><\/p>\n<p><strong><span style=\"color: #817c7b;\"><span style=\"font-family: Spectral, serif;\"><span style=\"font-size: medium;\"><b>Vineyard:<\/b><\/span><\/span><\/span><\/strong><span style=\"color: #817c7b;\"><span style=\"font-family: Spectral, serif;\"><span style=\"font-size: medium;\">\u00a0Szentl\u00e1szl\u00f3 Vineyard (B\u00e1torove Kosihy, Slovakia), organic farming and biological protection<\/span><\/span><\/span><\/p>\n<p><strong><span style=\"color: #817c7b;\"><span style=\"font-family: Spectral, serif;\"><span style=\"font-size: medium;\"><b>Soil:<\/b><\/span><\/span><\/span><\/strong><span style=\"color: #817c7b;\"><span style=\"font-family: Spectral, serif;\"><span style=\"font-size: medium;\">\u00a0loamy clay, loess soil, in some parts sand<\/span><\/span><\/span><\/p>\n<p><strong><span style=\"color: #817c7b;\"><span style=\"font-family: Spectral, serif;\"><span style=\"font-size: medium;\"><b>Winemaking process:<\/b><\/span><\/span><\/span><\/strong><span style=\"color: #817c7b;\"><span style=\"font-family: Spectral, serif;\"><span style=\"font-size: medium;\">\u00a0hand \u2013 picked, spontaneous fermentation at 23 \u00b0C with hand punch \u2013 downs, spontaneous malolactic fermentation in 225 l hungarian oak barrels, 5 months battonage, another 7 months sur lie, bottled directly from the barrell without filtration or clarification<\/span><\/span><\/span><\/p>\n<p><strong><span style=\"color: #817c7b;\"><span style=\"font-family: Spectral, serif;\"><span style=\"font-size: medium;\"><b>Aroma and taste:<\/b><\/span><\/span><\/span><\/strong><span style=\"color: #817c7b;\"><span style=\"font-family: Spectral, serif;\"><span style=\"font-size: medium;\">\u00a0Straw yellow wine. Its varietal characteristics are also evident in this form &#8211; in addition to floral notes and tropical fruits, black pepper also appears strongly. The aftertaste has a pleasant tannic bitterness reminding almonds. Precipitation of tartrate crystals or sediment is the result of a natural process; it does not affect the quality of the wine.<\/span><\/span><\/span><\/p>\n<p><strong><span style=\"color: #817c7b;\"><span style=\"font-family: Spectral, serif;\"><span style=\"font-size: medium;\"><b>Food pairing:<\/b><\/span><\/span><\/span><\/strong><span style=\"color: #817c7b;\"><span style=\"font-family: Spectral, serif;\"><span style=\"font-size: medium;\">\u00a0ravioli with pumpkin sauce, dates, roasted seeds, exotic spices, cream soups, Asian cuisine, cottage cheese<\/span><\/span><\/span><\/p>\n<p><strong><span style=\"color: #817c7b;\"><span style=\"font-family: Spectral, serif;\"><span style=\"font-size: medium;\"><b>Serving temperature:\u00a0<\/b><\/span><\/span><\/span><\/strong><span style=\"color: #817c7b;\"><span style=\"font-family: Spectral, serif;\"><span style=\"font-size: medium;\">between 12 \u2013 14 \u00b0C<\/span><\/span><\/span><\/p>\n<p><strong><span style=\"color: #817c7b;\"><span style=\"font-family: Spectral, serif;\"><span style=\"font-size: medium;\"><b>Bottle maturity:<\/b><\/span><\/span><\/span><\/strong><span style=\"color: #817c7b;\"><span style=\"font-family: Spectral, serif;\"><span style=\"font-size: medium;\">\u00a02 \u2013 8 years<\/span><\/span><\/span><\/p>\n<p><strong><span style=\"color: #817c7b;\"><span style=\"font-family: Spectral, serif;\"><span style=\"font-size: medium;\"><b>Bottle capacity:<\/b><\/span><\/span><\/span><\/strong><span style=\"color: #817c7b;\"><span style=\"font-family: Spectral, serif;\"><span style=\"font-size: medium;\">\u00a00,75 l<\/span><\/span><\/span><\/p>\n","protected":false},"featured_media":6566,"template":"","meta":[],"yoast_head":"<!-- This site is optimized with the Yoast SEO plugin v15.6.2 - https:\/\/yoast.com\/wordpress\/plugins\/seo\/ -->\n<title>Gr\u00fcner Veltliner orange 2021 - Bonawinery<\/title>\n<meta name=\"robots\" content=\"index, follow, max-snippet:-1, max-image-preview:large, max-video-preview:-1\" \/>\n<link rel=\"canonical\" href=\"https:\/\/bonawinery.sk\/en\/produkt\/gruner-veltliner-orange-2021\/\" \/>\n<meta property=\"og:locale\" content=\"en_US\" \/>\n<meta property=\"og:type\" content=\"article\" \/>\n<meta property=\"og:title\" content=\"Gr\u00fcner Veltliner orange 2021 - Bonawinery\" \/>\n<meta property=\"og:description\" content=\"Classification: Dry white wine  Wine family:\u00a0Low intervention  Sugar content of must:\u00a022 \u00b0NM  Date of harvest:\u00a029.9.2021  Alcohol by volume:\u00a013 %  Residual sugar:\u00a02,2 g\/l  Acidity:\u00a05,2 g\/l  Vineyard:\u00a0Szentl\u00e1szl\u00f3 Vineyard (B\u00e1torove Kosihy, Slovakia), organic farming and biological protection  Soil:\u00a0loamy clay, loess soil, in some parts sand  Winemaking process:\u00a0hand \u2013 picked, spontaneous fermentation at 23 \u00b0C with hand punch \u2013 downs, spontaneous malolactic fermentation in 225 l hungarian oak barrels, 5 months battonage, another 7 months sur lie, bottled directly from the barrell without filtration or clarification  Aroma and taste:\u00a0Straw yellow wine. Its varietal characteristics are also evident in this form - in addition to floral notes and tropical fruits, black pepper also appears strongly. The aftertaste has a pleasant tannic bitterness reminding almonds. Precipitation of tartrate crystals or sediment is the result of a natural process; it does not affect the quality of the wine.  Food pairing:\u00a0ravioli with pumpkin sauce, dates, roasted seeds, exotic spices, cream soups, Asian cuisine, cottage cheese  Serving temperature:\u00a0between 12 \u2013 14 \u00b0C  Bottle maturity:\u00a02 \u2013 8 years  Bottle capacity:\u00a00,75 l\" \/>\n<meta property=\"og:url\" content=\"https:\/\/bonawinery.sk\/en\/produkt\/gruner-veltliner-orange-2021\/\" \/>\n<meta property=\"og:site_name\" content=\"Bonawinery\" \/>\n<meta property=\"article:modified_time\" content=\"2025-02-18T15:11:32+00:00\" \/>\n<meta property=\"og:image\" content=\"https:\/\/bonawinery.sk\/wp-content\/uploads\/2022\/05\/Veltlinske-zelene-orange-2020-scaled.jpg\" \/>\n\t<meta property=\"og:image:width\" content=\"1791\" \/>\n\t<meta property=\"og:image:height\" content=\"2560\" \/>\n<meta name=\"twitter:card\" content=\"summary_large_image\" \/>\n<script type=\"application\/ld+json\" class=\"yoast-schema-graph\">{\"@context\":\"https:\/\/schema.org\",\"@graph\":[{\"@type\":\"WebSite\",\"@id\":\"https:\/\/bonawinery.sk\/#website\",\"url\":\"https:\/\/bonawinery.sk\/\",\"name\":\"Bonawinery\",\"description\":\"Bonawinery\",\"potentialAction\":[{\"@type\":\"SearchAction\",\"target\":\"https:\/\/bonawinery.sk\/?s={search_term_string}\",\"query-input\":\"required name=search_term_string\"}],\"inLanguage\":\"en-US\"},{\"@type\":\"ImageObject\",\"@id\":\"https:\/\/bonawinery.sk\/en\/produkt\/gruner-veltliner-orange-2021\/#primaryimage\",\"inLanguage\":\"en-US\",\"url\":\"https:\/\/bonawinery.sk\/wp-content\/uploads\/2022\/05\/Veltlinske-zelene-orange-2020-scaled.jpg\",\"width\":1791,\"height\":2560},{\"@type\":\"WebPage\",\"@id\":\"https:\/\/bonawinery.sk\/en\/produkt\/gruner-veltliner-orange-2021\/#webpage\",\"url\":\"https:\/\/bonawinery.sk\/en\/produkt\/gruner-veltliner-orange-2021\/\",\"name\":\"Gr\\u00fcner Veltliner orange 2021 - Bonawinery\",\"isPartOf\":{\"@id\":\"https:\/\/bonawinery.sk\/#website\"},\"primaryImageOfPage\":{\"@id\":\"https:\/\/bonawinery.sk\/en\/produkt\/gruner-veltliner-orange-2021\/#primaryimage\"},\"datePublished\":\"2023-07-04T12:25:28+00:00\",\"dateModified\":\"2025-02-18T15:11:32+00:00\",\"inLanguage\":\"en-US\",\"potentialAction\":[{\"@type\":\"ReadAction\",\"target\":[\"https:\/\/bonawinery.sk\/en\/produkt\/gruner-veltliner-orange-2021\/\"]}]}]}<\/script>\n<!-- \/ Yoast SEO plugin. -->","_links":{"self":[{"href":"https:\/\/bonawinery.sk\/en\/wp-json\/wp\/v2\/product\/6856"}],"collection":[{"href":"https:\/\/bonawinery.sk\/en\/wp-json\/wp\/v2\/product"}],"about":[{"href":"https:\/\/bonawinery.sk\/en\/wp-json\/wp\/v2\/types\/product"}],"wp:featuredmedia":[{"embeddable":true,"href":"https:\/\/bonawinery.sk\/en\/wp-json\/wp\/v2\/media\/6566"}],"wp:attachment":[{"href":"https:\/\/bonawinery.sk\/en\/wp-json\/wp\/v2\/media?parent=6856"}],"curies":[{"name":"wp","href":"https:\/\/api.w.org\/{rel}","templated":true}]}}