{"id":6152,"date":"2020-04-08T10:23:39","date_gmt":"2020-04-08T08:23:39","guid":{"rendered":"https:\/\/bonawinery.sk\/adatvedelmi-iranyelvek\/"},"modified":"2021-01-19T14:28:37","modified_gmt":"2021-01-19T13:28:37","slug":"protection-of-personal-data","status":"publish","type":"page","link":"https:\/\/bonawinery.sk\/en\/protection-of-personal-data\/","title":{"rendered":"Protection of personal data"},"content":{"rendered":"<p>[vc_row][vc_column][vc_column_text]<\/p>\r\n<p>\u00a0This privacy policy is intended to provide you with all important information related to the process and protection of your personal data.<\/p>\r\n<p><strong>I. GENERAL PROVISIONS<\/strong><\/p>\r\n<p>1.\u00a0 \u00a0 \u00a0This Privacy Policy includes personal data provided to\u00a0<strong>B\u00f3na W&amp;T s.r.o.<\/strong>\u00a0via the website\u00a0www.bonawinery.sk<\/p>\r\n<p>2.\u00a0 \u00a0 \u00a0The administrator of personal data collected via the website is\u00a0<strong>B\u00f3na Winery s.r.o.<\/strong>., address: Pova\u017esk\u00e1 u. 18, 940 01 Nov\u00e9 Z\u00e1mky, Tax number: 2020414671 \/ EU tax number: SK2020414671, Telephone: + 421 905708083, e-mail: objednavky@bonalabels.sk, hereinafter referred to as the Administrator<\/p>\r\n<p>3.\u00a0 \u00a0 Personal data collected via the website is processed in accordance with the\u00a0<strong>Regulation of the European Parliament and the<\/strong>\u00a0<strong>EU Council 2016\/679 of 27\/04\/2016<\/strong>. on the protection of individuals with regard to the processing of personal data and on the free movement of such data.<\/p>\r\n<p>4.\u00a0\u00a0 \u00a0The Administrator exercises special diligence to protect the interests of persons whose data is collected via the website, and in particular ensures that the data collected by him\/her, using appropriate technical and organizational measures, are: processed in accordance with the law; collected for specified, legitimate purposes and not subject to further processing incompatible with these purposes; factually correct and adequate in relation to the purposes for which they are processed; stored in a form allowing the identification of persons whom they concern, no longer than it is necessary to achieve the purpose of processing and are processed in a manner ensuring adequate security of personal data, including protection against unauthorized or unlawful processing and their accidental loss, destruction or damage.<\/p>\r\n<p>5.\u00a0\u00a0 \u00a0Considering the nature, scope, context and purposes of personal data processing and the risk of violating the rights or freedoms of persons whose data are processed with different probability of occurrence and threat severity, the Administrator implements appropriate technical and organizational measures to ensure the security of processing personal data corresponding to risk; in particular, it applies technical measures to prevent the acquisition and modification of personal data sent electronically by unauthorized persons.<\/p>\r\n<p><strong>II.\u00a0\u00a0 \u00a0PURPOSE OF COLLECTION OF PERSONAL DATA AND RECIPIENTS OF PERSONAL DATA<\/strong><\/p>\r\n<p>1.\u00a0\u00a0 \u00a0Personal data collected via the website is processed by the Administrator for the following purposes:<\/p>\r\n<p>a)\u00a0\u00a0 \u00a0Responding to requests for proposals based on art. 6 par. 1 lit. b of the General Data Protection Regulation,<br \/>b)\u00a0\u00a0 \u00a0Sending commercial information by electronic means on the basis of Article 6(1)(a) of the General Data Protection Regulation<\/p>\r\n<p>2.\u00a0\u00a0 \u00a0Personal data collected via the website may be made available by the Administrator to the following entities:<\/p>\r\n<p>courier, transport, forwarding and postal services providers; accounting, legal and advisory services providing the Administrator with accounting, legal or advisory support and service providers supplying the Administrator with IT solutions that enable the Administrator to conduct business, including the website and services provided through it (in particular, the software provider to run the website) , e-mail and hosting provider and supplier of software for company management and technical assistance to the Administrator), provided that the Administrator provides collected personal data to a selected supplier acting on his behalf only in the case and to the extent necessary to achieve a given purpose of data processing in accordance with this Privacy policy.<\/p>\r\n<p>&nbsp;<\/p>\r\n<p><strong>III.\u00a0\u00a0 \u00a0DATA PROCESSING AND THEIR PERIOD OF STORAGE<\/strong><\/p>\r\n<p>1.\u00a0 \u00a0 \u00a0 Providing personal data by persons using the website is voluntary, but failure to provide personal data indicated in the Contact Form, necessary to respond to requests for quotes might results in the inability to respond to offer inquiries.<\/p>\r\n<p>2.\u00a0 \u00a0 \u00a0 In the case of processing personal data in order to respond to requests for quotations the basis for processing personal data using the website is the need for the Administrator, at the request of the user of whom the data pertains, appropriate actions before conclusion agreements with the beneficiary and execution of contracts (Article 6 (1) b of the General Data Protection Regulation)<\/p>\r\n<p>In the case of data processing for the purpose of sending commercial information by electronic means, the basis for the processing of personal data is the prior consent of the user of the website (Article 6 paragraph 1 point a of the General Data Protection Regulation).<\/p>\r\n<p>3.\u00a0\u00a0 \u00a0Personal data collected via the website is kept by the Administrator for the period of:<\/p>\r\n<p>a)\u00a0\u00a0 \u00a0In the case of personal data processed in order to respond to requests for proposals \u2013 for a period necessary to comply, termination or otherwise expire contracts concluded in response to requests. After this time, the data may be stored for a period of time corresponding to the period of limitation of claims under these agreements that may be raised by the Administrator against the person whose data is being processed and which may be raised by such person towards the Administrator.<\/p>\r\n<p>b)\u00a0\u00a0 \u00a0In the case of personal data processed for the purpose of commercial information \u2013 for the duration of the legitimate interest pursued by the Administrator, no longer than during the period of limitation of claims against the data subject, due to the business activity conducted by the Administrator (the limitation period for claims is set out in the General Data Protection Regulation under which the basic period of limitation for claims related to running a business is three years, and for a contract of sale for two years).<\/p>\r\n<p>&nbsp;<\/p>\r\n<p><strong>IV.\u00a0\u00a0 \u00a0THE RIGHT OF ACCESS TO DATA CONTENT AND THEIR IMPROVEMENT AND OTHER RIGHTS OF PERSONS WHOSE DATA ARE PROCESSED<\/strong><\/p>\r\n<p>1.\u00a0\u00a0 \u00a0Users of the website have the right to request from the Administrator access to their personal data (to information about processed data and to receive a copy), rectification (correction of data), deletion or processing restrictions and have the right to object to the processing, and have the right to transfer their data to another data controller within the scope specified in art. 20 of the General Data Protection Regulation.<\/p>\r\n<p>2.\u00a0\u00a0 \u00a0Users of the website whose data are processed by the Administrator on the basis of their consent for the purpose of sending commercial information by electronic means (pursuant to Article 6 paragraph 1 point a of the General Data Protection Regulation) have the right to withdraw consent at any time without affecting the lawfulness of the processing, which was made on the basis of consent before its withdrawal.<\/p>\r\n<p>3.\u00a0\u00a0 \u00a0Users of the website, whose data are processed by the Administrator, may at any time lodge an objection \u2013 for reasons related to their special situation \u2013 to the processing of their personal data based on art. 6 par. 1 lit. e) (public interest or tasks) or f) (legitimate interest of the administrator) of the general data protection regulation. In such a case, the administrator may no longer process such personal data unless he demonstrates the existence of valid legally valid grounds for processing that override the interests, rights and freedom of the data subject or the grounds for determining, investigating or defending claims.<\/p>\r\n<p><strong>V.\u00a0\u00a0 \u00a0THE RIGHT TO BRING A COMPLAINT TO THE SUPERVISORY BODY<\/strong><\/p>\r\n<p>\u00a0Users of the website, whose data are processed by the Administrator, have the right to lodge a complaint to the supervisory body.<\/p>\r\n<p><strong>VI.\u00a0\u00a0 \u00a0COOKIES AND OPERATING DATA<\/strong><\/p>\r\n<p>\u00a01.\u00a0 \u00a0 Cookies are small text information in the form of text files, sent by the server and saved on the side of the person visiting the website.<\/p>\r\n<p>2.\u00a0 \u00a0 \u00a0 The administrator may process data contained in Cookies when users use the website for the following purposes:<\/p>\r\n<p>a)\u00a0\u00a0 \u00a0identify people as logged in to the website and show that they are logged in;<br \/>b)\u00a0\u00a0 \u00a0remember data from completed Contact Forms or login details to the website;<br \/>c)\u00a0\u00a0 \u00a0adjusting the content of the website to individual preferences of people using the website (eg regarding colors, font size, page layout) and optimizing the use of the website;<br \/>d)\u00a0\u00a0 \u00a0keeping anonymous statistics about the webpage usage<\/p>\r\n<p>3.\u00a0\u00a0 \u00a0By default, most web browsers available on the market implicitly accept cookies being saved. Everyone has the possibility to define the terms of using cookies using the own browser\u2019s settings. This means that you can, for example, partially restrict or completely disable the option of saving cookies \u2013 in the latter case, however, this may affect some of the functionality of the website.<\/p>\r\n<p>4.\u00a0\u00a0 \u00a0Browser settings in the field of cookies are important from the point of view of consent to the use of cookies by our website \u2013 in accordance with the law, such consent can also be expressed through the settings of the web browser. In the absence of such consent, the browser\u2019s settings in the field of cookies should be changed accordingly.<\/p>\r\n<p>5.\u00a0\u00a0 \u00a0The administrator also processes data related to the use of the website (IP address, domain) to generate statistics helpful in administering the website. These data are aggregate and do not contain features that identify visitors to the website and are not disclosed by the Administrator to third parties.<\/p>\r\n<p><strong>VII.\u00a0\u00a0 \u00a0FINAL PROVISIONS<\/strong><\/p>\r\n<p>1.\u00a0\u00a0 \u00a0The Website may contain links to other websites. The administrator suggests that after going to other websites, read the privacy policy of these websites. The Administrator reserves that this Privacy Policy applies only to the internet service maintained at\u00a0www.bonawinery.sk<\/p>\r\n<p>2.\u00a0\u00a0 \u00a0The administrator uses technical and organizational measures to ensure that personal data being processed is protected against hazards and categories of data protected, in particular, protects data against unauthorized access, unauthorized removal, processing in violation of applicable laws, and change, loss, damage or destruction.<\/p>\r\n\r\n<p>&nbsp;<\/p>\r\n<p>[\/vc_column_text][\/vc_column][\/vc_row]<\/p>","protected":false},"excerpt":{"rendered":"<p>[vc_row][vc_column][vc_column_text] \u00a0This privacy policy is intended to provide you with all important information related to the process and protection of your personal data. I. GENERAL PROVISIONS 1.\u00a0 \u00a0 \u00a0This Privacy Policy includes personal data provided to\u00a0B\u00f3na W&amp;T s.r.o.\u00a0via the website\u00a0www.bonawinery.sk 2.\u00a0 \u00a0 \u00a0The administrator of personal data collected via the website is\u00a0B\u00f3na Winery s.r.o.., address: [&hellip;]<\/p>\n","protected":false},"author":4,"featured_media":0,"parent":0,"menu_order":0,"comment_status":"closed","ping_status":"closed","template":"","meta":[],"yoast_head":"<!-- This site is optimized with the Yoast SEO plugin v15.6.2 - https:\/\/yoast.com\/wordpress\/plugins\/seo\/ -->\n<title>Protection of personal data - Bonawinery<\/title>\n<meta name=\"robots\" content=\"index, follow, max-snippet:-1, max-image-preview:large, max-video-preview:-1\" \/>\n<link rel=\"canonical\" href=\"https:\/\/bonawinery.sk\/en\/protection-of-personal-data\/\" \/>\n<meta property=\"og:locale\" content=\"en_US\" \/>\n<meta property=\"og:type\" content=\"article\" \/>\n<meta property=\"og:title\" content=\"Protection of personal data - Bonawinery\" \/>\n<meta property=\"og:description\" content=\"[vc_row][vc_column][vc_column_text] \u00a0This privacy policy is intended to provide you with all important information related to the process and protection of your personal data. I. GENERAL PROVISIONS 1.\u00a0 \u00a0 \u00a0This Privacy Policy includes personal data provided to\u00a0B\u00f3na W&amp;T s.r.o.\u00a0via the website\u00a0www.bonawinery.sk 2.\u00a0 \u00a0 \u00a0The administrator of personal data collected via the website is\u00a0B\u00f3na Winery s.r.o.., address: [&hellip;]\" \/>\n<meta property=\"og:url\" content=\"https:\/\/bonawinery.sk\/en\/protection-of-personal-data\/\" \/>\n<meta property=\"og:site_name\" content=\"Bonawinery\" \/>\n<meta property=\"article:modified_time\" content=\"2021-01-19T13:28:37+00:00\" \/>\n<meta name=\"twitter:card\" content=\"summary_large_image\" \/>\n<meta name=\"twitter:label1\" content=\"Est. reading time\">\n\t<meta name=\"twitter:data1\" content=\"7 minutes\">\n<script type=\"application\/ld+json\" class=\"yoast-schema-graph\">{\"@context\":\"https:\/\/schema.org\",\"@graph\":[{\"@type\":\"WebSite\",\"@id\":\"https:\/\/bonawinery.sk\/#website\",\"url\":\"https:\/\/bonawinery.sk\/\",\"name\":\"Bonawinery\",\"description\":\"Bonawinery\",\"potentialAction\":[{\"@type\":\"SearchAction\",\"target\":\"https:\/\/bonawinery.sk\/?s={search_term_string}\",\"query-input\":\"required name=search_term_string\"}],\"inLanguage\":\"en-US\"},{\"@type\":\"WebPage\",\"@id\":\"https:\/\/bonawinery.sk\/en\/protection-of-personal-data\/#webpage\",\"url\":\"https:\/\/bonawinery.sk\/en\/protection-of-personal-data\/\",\"name\":\"Protection of personal data - Bonawinery\",\"isPartOf\":{\"@id\":\"https:\/\/bonawinery.sk\/#website\"},\"datePublished\":\"2020-04-08T08:23:39+00:00\",\"dateModified\":\"2021-01-19T13:28:37+00:00\",\"inLanguage\":\"en-US\",\"potentialAction\":[{\"@type\":\"ReadAction\",\"target\":[\"https:\/\/bonawinery.sk\/en\/protection-of-personal-data\/\"]}]}]}<\/script>\n<!-- \/ Yoast SEO plugin. -->","_links":{"self":[{"href":"https:\/\/bonawinery.sk\/en\/wp-json\/wp\/v2\/pages\/6152"}],"collection":[{"href":"https:\/\/bonawinery.sk\/en\/wp-json\/wp\/v2\/pages"}],"about":[{"href":"https:\/\/bonawinery.sk\/en\/wp-json\/wp\/v2\/types\/page"}],"author":[{"embeddable":true,"href":"https:\/\/bonawinery.sk\/en\/wp-json\/wp\/v2\/users\/4"}],"replies":[{"embeddable":true,"href":"https:\/\/bonawinery.sk\/en\/wp-json\/wp\/v2\/comments?post=6152"}],"version-history":[{"count":5,"href":"https:\/\/bonawinery.sk\/en\/wp-json\/wp\/v2\/pages\/6152\/revisions"}],"predecessor-version":[{"id":6305,"href":"https:\/\/bonawinery.sk\/en\/wp-json\/wp\/v2\/pages\/6152\/revisions\/6305"}],"wp:attachment":[{"href":"https:\/\/bonawinery.sk\/en\/wp-json\/wp\/v2\/media?parent=6152"}],"curies":[{"name":"wp","href":"https:\/\/api.w.org\/{rel}","templated":true}]}}