{"id":6123,"date":"2019-09-06T13:16:30","date_gmt":"2019-09-06T11:16:30","guid":{"rendered":"https:\/\/bonawinery.sk\/kontakt\/"},"modified":"2026-02-04T08:54:14","modified_gmt":"2026-02-04T07:54:14","slug":"contact","status":"publish","type":"page","link":"https:\/\/bonawinery.sk\/en\/contact\/","title":{"rendered":"Contact"},"content":{"rendered":"<p>[vc_row gap=&#8221;30&#8243; row_content_width=&#8221;grid&#8221;][vc_column offset=&#8221;vc_col-lg-6&#8243; css=&#8221;.vc_custom_1610964101101{margin-top: -12px !important;padding-top: 65px !important;padding-bottom: 125px !important;}&#8221; column_responsive_padding_680=&#8221;35px 4% 0px&#8221; column_responsive_padding_1440=&#8221;65px 0 95px&#8221; column_responsive_padding_1366=&#8221;65px 0 95px&#8221; column_responsive_padding_1280=&#8221;65px 0 95px&#8221; column_responsive_padding_1024=&#8221;65px 11% 15px 2%&#8221; column_responsive_padding_768=&#8221;65px 2% 15px&#8221; el_id=&#8221;form&#8221;]<div class=\"qodef-shortcode qodef-m  qodef-section-title qodef-alignment--left \">\n\t\t<h3 class=\"qodef-m-title\" >\n\t\tGet in touch with us\t\t<\/h3>\n\t\t<p class=\"qodef-m-subtitle\" >The best way of contact is a personal one, so we look forward to seeing you!<\/p>\n\t\t<div class=\"qodef-m-text\" >If you would like to get more information about our wines or you are interested in wine tasting, please call or write to us.<\/div>\n<\/div>[vc_empty_space height=&#8221;15px&#8221;]<div role=\"form\" class=\"wpcf7\" id=\"wpcf7-f6229-o1\" lang=\"en-US\" dir=\"ltr\">\n<div class=\"screen-reader-response\"><p role=\"status\" aria-live=\"polite\" aria-atomic=\"true\"><\/p> <ul><\/ul><\/div>\n<form action=\"\/en\/wp-json\/wp\/v2\/pages\/6123#wpcf7-f6229-o1\" method=\"post\" class=\"wpcf7-form init\" novalidate=\"novalidate\" data-status=\"init\">\n<div style=\"display: none;\">\n<input type=\"hidden\" name=\"_wpcf7\" value=\"6229\" \/>\n<input type=\"hidden\" name=\"_wpcf7_version\" value=\"5.3.2\" \/>\n<input type=\"hidden\" name=\"_wpcf7_locale\" value=\"en_US\" \/>\n<input type=\"hidden\" name=\"_wpcf7_unit_tag\" value=\"wpcf7-f6229-o1\" \/>\n<input type=\"hidden\" name=\"_wpcf7_container_post\" value=\"0\" \/>\n<input type=\"hidden\" name=\"_wpcf7_posted_data_hash\" value=\"\" \/>\n<input type=\"hidden\" name=\"_wpcf7_recaptcha_response\" value=\"\" \/>\n<\/div>\n<div><span class=\"wpcf7-form-control-wrap your-name\"><input type=\"text\" name=\"your-name\" value=\"\" size=\"40\" class=\"wpcf7-form-control wpcf7-text\" aria-invalid=\"false\" placeholder=\"Your Name... *\" \/><\/span><\/div>\n<div><span class=\"wpcf7-form-control-wrap your-email\"><input type=\"email\" name=\"your-email\" value=\"\" size=\"40\" class=\"wpcf7-form-control wpcf7-text wpcf7-email wpcf7-validates-as-required wpcf7-validates-as-email\" aria-required=\"true\" aria-invalid=\"false\" placeholder=\"Your e-mail... *\" \/><\/span><\/div>\n<div><span class=\"wpcf7-form-control-wrap your-message\"><textarea name=\"your-message\" cols=\"40\" rows=\"4\" class=\"wpcf7-form-control wpcf7-textarea\" aria-invalid=\"false\" placeholder=\"Message... *\"><\/textarea><\/span><\/div>\n<p><span class=\"wpcf7-form-control-wrap acceptance-313\"><span class=\"wpcf7-form-control wpcf7-acceptance\"><span class=\"wpcf7-list-item\"><label><input type=\"checkbox\" name=\"acceptance-313\" value=\"1\" aria-invalid=\"false\" \/><span class=\"wpcf7-list-item-label\">By submitting the form, you consent to the processing of personal data. Bonawinery processes your personal data only for the purpose of contacting you and creating a price offer. Your data will not be passed on to any third parties. <a href =\"\/protection-of-personal-data\/\" >More information<\/a>.<\/span><\/label><\/span><\/span><\/span><\/p>\n<div><button type=\"submit\" class=\"wpcf7-form-control wpcf7-submit qodef-button qodef-size--normal qodef-type--filled qodef-m\"><span class=\"qodef-m-text\">Send<\/span><\/button><\/div>\n<input type='hidden' class='wpcf7-pum' value='{\"closepopup\":false,\"closedelay\":0,\"openpopup\":false,\"openpopup_id\":0}' \/><div class=\"wpcf7-response-output\" aria-hidden=\"true\"><\/div><\/form><\/div>[vc_empty_space][\/vc_column][vc_column offset=&#8221;vc_col-lg-6&#8243; css=&#8221;.vc_custom_1570451985904{padding-top: 65px !important;padding-bottom: 125px !important;}&#8221; column_responsive_padding_680=&#8221;40px 15px 125px&#8221;][vc_empty_space height=&#8221;22px&#8221;]<div class=\"qodef-shortcode qodef-m  qodef-icon-with-text qodef-layout--before-content qodef--icon-pack\">\n\t<div class=\"qodef-m-icon-wrapper\">\n\t\t<span class=\"qodef-shortcode qodef-m  qodef-icon-holder qodef-size--default qodef-layout--normal\"  style=\"color: #c8693a\">\t\t\t<a itemprop=\"url\" href=\"#\" target=\"_blank\">        <span class=\"qodef-icon-linea-icons icon-basic-geolocalize-05 qodef-icon qodef-e\" style=\"font-size:21px\" ><\/span>            <\/a>\t<\/span>\t<\/div>\n\t<div class=\"qodef-m-content\">\n\t\t\t\t\t\t\t<a itemprop=\"url\" href=\"#\" target=\"_blank\">\n\t\t<p class=\"qodef-m-text\" style=\"margin-top: -2px;color: #817c7b\">S\u00fapisn\u00e9 \u010d\u00edslo 1660, hon Szentl\u00e1szl\u00f3, 946 34 B\u00e1torov\u00e9 Kosihy<\/p>\n\t\t\t<\/a>\n\t\t<\/div>\n<\/div>[vc_empty_space height=&#8221;10px&#8221;]<div class=\"qodef-shortcode qodef-m  qodef-icon-with-text qodef-layout--before-content qodef--icon-pack\">\n\t<div class=\"qodef-m-icon-wrapper\">\n\t\t<span class=\"qodef-shortcode qodef-m  qodef-icon-holder qodef-size--default qodef-layout--normal\"  style=\"color: #c8693a\">\t\t\t<a itemprop=\"url\" href=\"#\" target=\"_blank\">        <span class=\"qodef-icon-linea-icons icon-basic-geolocalize-05 qodef-icon qodef-e\" style=\"font-size:21px\" ><\/span>            <\/a>\t<\/span>\t<\/div>\n\t<div class=\"qodef-m-content\">\n\t\t\t\t\t\t\t<a itemprop=\"url\" href=\"#\" target=\"_blank\">\n\t\t<p class=\"qodef-m-text\" style=\"margin-top: -2px;color: #817c7b\">GPS: 47\u00b049&#039;54.34628, 18\u00b023&#039;18.64298<\/p>\n\t\t\t<\/a>\n\t\t<\/div>\n<\/div>[vc_empty_space height=&#8221;10px&#8221;]<div class=\"qodef-shortcode qodef-m  qodef-icon-with-text qodef-layout--before-content qodef--icon-pack\">\n\t<div class=\"qodef-m-icon-wrapper\">\n\t\t<span class=\"qodef-shortcode qodef-m  qodef-icon-holder qodef-size--default qodef-layout--normal\"  style=\"color: #c8693a\">\t\t\t<a itemprop=\"url\" href=\"http:\/\/objednavky@bonawinery.sk\" target=\"_blank\">        <span class=\"qodef-icon-linea-icons icon-basic-mail qodef-icon qodef-e\" style=\"font-size:21px\" ><\/span>            <\/a>\t<\/span>\t<\/div>\n\t<div class=\"qodef-m-content\">\n\t\t\t\t\t\t\t<a itemprop=\"url\" href=\"http:\/\/objednavky@bonawinery.sk\" target=\"_blank\">\n\t\t<p class=\"qodef-m-text\" style=\"margin-top: -2px;color: #817c7b\">objednavky@bonawinery.sk<\/p>\n\t\t\t<\/a>\n\t\t<\/div>\n<\/div>[vc_empty_space height=&#8221;10px&#8221;]<div class=\"qodef-shortcode qodef-m  qodef-icon-with-text qodef-layout--before-content qodef--icon-pack\">\n\t<div class=\"qodef-m-icon-wrapper\">\n\t\t<span class=\"qodef-shortcode qodef-m  qodef-icon-holder qodef-size--default qodef-layout--normal\"  style=\"color: #c8693a\">\t\t\t<a itemprop=\"url\" href=\"tel:%20+421905708083\" target=\"_blank\">        <span class=\"qodef-icon-linea-icons icon-basic-smartphone qodef-icon qodef-e\" style=\"font-size:21px\" ><\/span>            <\/a>\t<\/span>\t<\/div>\n\t<div class=\"qodef-m-content\">\n\t\t\t<p class=\"qodef-m-title\" >\n\t\t\t<a itemprop=\"url\" href=\"tel:%20+421905708083\" target=\"_blank\">\n\t\t<span class=\"qodef-m-title-text\">Owner<\/span>\n\t\t\t<\/a>\n\t\t<\/p>\n\t\t\t\t\t<a itemprop=\"url\" href=\"tel:%20+421905708083\" target=\"_blank\">\n\t\t<p class=\"qodef-m-text\" style=\"margin-top: -2px;color: #817c7b\">+421 905 708 083<\/p>\n\t\t\t<\/a>\n\t\t<\/div>\n<\/div>[vc_empty_space height=&#8221;10px&#8221;]<div class=\"qodef-shortcode qodef-m  qodef-icon-with-text qodef-layout--before-content qodef--icon-pack\">\n\t<div class=\"qodef-m-icon-wrapper\">\n\t\t<span class=\"qodef-shortcode qodef-m  qodef-icon-holder qodef-size--default qodef-layout--normal\"  style=\"color: #c8693a\">\t\t\t<a itemprop=\"url\" href=\"tel:%20+421%20904%20340%20516\" target=\"_blank\">        <span class=\"qodef-icon-linea-icons icon-basic-smartphone qodef-icon qodef-e\" style=\"font-size:21px\" ><\/span>            <\/a>\t<\/span>\t<\/div>\n\t<div class=\"qodef-m-content\">\n\t\t\t<p class=\"qodef-m-title\" >\n\t\t\t<a itemprop=\"url\" href=\"tel:%20+421%20904%20340%20516\" target=\"_blank\">\n\t\t<span class=\"qodef-m-title-text\">Sales and marketing<\/span>\n\t\t\t<\/a>\n\t\t<\/p>\n\t\t\t\t\t<a itemprop=\"url\" href=\"tel:%20+421%20904%20340%20516\" target=\"_blank\">\n\t\t<p class=\"qodef-m-text\" style=\"margin-top: -2px;color: #817c7b\">+421 904 340 516<\/p>\n\t\t\t<\/a>\n\t\t<\/div>\n<\/div>[vc_empty_space height=&#8221;50px&#8221;][vc_gmaps link=&#8221;#E-8_JTNDaWZyYW1lJTIwc3JjJTNEJTIyaHR0cHMlM0ElMkYlMkZ3d3cuZ29vZ2xlLmNvbSUyRm1hcHMlMkZlbWJlZCUzRnBiJTNEJTIxMW0xNCUyMTFtOCUyMTFtMyUyMTFkMTA3MTMuNjU3MTEwODE2ODc3JTIxMmQxOC4zODgzOTM0JTIxM2Q0Ny44MzE1NjcxJTIxM20yJTIxMWkxMDI0JTIxMmk3NjglMjE0ZjEzLjElMjEzbTMlMjExbTIlMjExczB4MCUyNTNBMHg2YjNhMDkwMWY1MDRmMzRlJTIxMnNCJTI1QzMlMjVCM25hJTI1MjBXaW5lcnklMjE1ZTAlMjEzbTIlMjExc3NrJTIxMnNzayUyMTR2MTU4NjM0NzY0NTY1NCUyMTVtMiUyMTFzc2slMjEyc3NrJTIyJTIwJTIwZnJhbWVib3JkZXIlM0QlMjIwJTIyJTIwc3R5bGUlM0QlMjJib3JkZXIlM0EwJTNCJTIyJTIwYWxsb3dmdWxsc2NyZWVuJTNEJTIyJTIyJTIwYXJpYS1oaWRkZW4lM0QlMjJmYWxzZSUyMiUyMHRhYmluZGV4JTNEJTIyMCUyMiUzRSUzQyUyRmlmcmFtZSUzRQ==&#8221; size=&#8221;&#8221;][\/vc_column][\/vc_row]<\/p>\n","protected":false},"excerpt":{"rendered":"<p>[vc_row gap=&#8221;30&#8243; row_content_width=&#8221;grid&#8221;][vc_column offset=&#8221;vc_col-lg-6&#8243; css=&#8221;.vc_custom_1610964101101{margin-top: -12px !important;padding-top: 65px !important;padding-bottom: 125px !important;}&#8221; column_responsive_padding_680=&#8221;35px 4% 0px&#8221; column_responsive_padding_1440=&#8221;65px 0 95px&#8221; column_responsive_padding_1366=&#8221;65px 0 95px&#8221; column_responsive_padding_1280=&#8221;65px 0 95px&#8221; column_responsive_padding_1024=&#8221;65px 11% 15px 2%&#8221; column_responsive_padding_768=&#8221;65px 2% 15px&#8221; el_id=&#8221;form&#8221;][vc_empty_space height=&#8221;15px&#8221;][vc_empty_space][\/vc_column][vc_column offset=&#8221;vc_col-lg-6&#8243; css=&#8221;.vc_custom_1570451985904{padding-top: 65px !important;padding-bottom: 125px !important;}&#8221; column_responsive_padding_680=&#8221;40px 15px 125px&#8221;][vc_empty_space height=&#8221;22px&#8221;][vc_empty_space height=&#8221;10px&#8221;][vc_empty_space height=&#8221;10px&#8221;][vc_empty_space height=&#8221;10px&#8221;][vc_empty_space height=&#8221;10px&#8221;][vc_empty_space height=&#8221;50px&#8221;][vc_gmaps link=&#8221;#E-8_JTNDaWZyYW1lJTIwc3JjJTNEJTIyaHR0cHMlM0ElMkYlMkZ3d3cuZ29vZ2xlLmNvbSUyRm1hcHMlMkZlbWJlZCUzRnBiJTNEJTIxMW0xNCUyMTFtOCUyMTFtMyUyMTFkMTA3MTMuNjU3MTEwODE2ODc3JTIxMmQxOC4zODgzOTM0JTIxM2Q0Ny44MzE1NjcxJTIxM20yJTIxMWkxMDI0JTIxMmk3NjglMjE0ZjEzLjElMjEzbTMlMjExbTIlMjExczB4MCUyNTNBMHg2YjNhMDkwMWY1MDRmMzRlJTIxMnNCJTI1QzMlMjVCM25hJTI1MjBXaW5lcnklMjE1ZTAlMjEzbTIlMjExc3NrJTIxMnNzayUyMTR2MTU4NjM0NzY0NTY1NCUyMTVtMiUyMTFzc2slMjEyc3NrJTIyJTIwJTIwZnJhbWVib3JkZXIlM0QlMjIwJTIyJTIwc3R5bGUlM0QlMjJib3JkZXIlM0EwJTNCJTIyJTIwYWxsb3dmdWxsc2NyZWVuJTNEJTIyJTIyJTIwYXJpYS1oaWRkZW4lM0QlMjJmYWxzZSUyMiUyMHRhYmluZGV4JTNEJTIyMCUyMiUzRSUzQyUyRmlmcmFtZSUzRQ==&#8221; size=&#8221;&#8221;][\/vc_column][\/vc_row]<\/p>\n","protected":false},"author":4,"featured_media":0,"parent":0,"menu_order":0,"comment_status":"closed","ping_status":"closed","template":"page-full-width.php","meta":[],"yoast_head":"<!-- This site is optimized with the Yoast SEO plugin v15.6.2 - https:\/\/yoast.com\/wordpress\/plugins\/seo\/ -->\n<title>Contact - Bonawinery<\/title>\n<meta name=\"robots\" content=\"index, follow, max-snippet:-1, max-image-preview:large, max-video-preview:-1\" \/>\n<link rel=\"canonical\" href=\"https:\/\/bonawinery.sk\/en\/contact\/\" \/>\n<meta property=\"og:locale\" content=\"en_US\" \/>\n<meta property=\"og:type\" content=\"article\" \/>\n<meta property=\"og:title\" content=\"Contact - Bonawinery\" \/>\n<meta property=\"og:description\" content=\"[vc_row gap=&#8221;30&#8243; row_content_width=&#8221;grid&#8221;][vc_column offset=&#8221;vc_col-lg-6&#8243; css=&#8221;.vc_custom_1610964101101{margin-top: -12px !important;padding-top: 65px !important;padding-bottom: 125px !important;}&#8221; column_responsive_padding_680=&#8221;35px 4% 0px&#8221; column_responsive_padding_1440=&#8221;65px 0 95px&#8221; column_responsive_padding_1366=&#8221;65px 0 95px&#8221; column_responsive_padding_1280=&#8221;65px 0 95px&#8221; column_responsive_padding_1024=&#8221;65px 11% 15px 2%&#8221; column_responsive_padding_768=&#8221;65px 2% 15px&#8221; el_id=&#8221;form&#8221;][vc_empty_space height=&#8221;15px&#8221;][vc_empty_space][\/vc_column][vc_column offset=&#8221;vc_col-lg-6&#8243; css=&#8221;.vc_custom_1570451985904{padding-top: 65px !important;padding-bottom: 125px !important;}&#8221; column_responsive_padding_680=&#8221;40px 15px 125px&#8221;][vc_empty_space height=&#8221;22px&#8221;][vc_empty_space height=&#8221;10px&#8221;][vc_empty_space height=&#8221;10px&#8221;][vc_empty_space height=&#8221;10px&#8221;][vc_empty_space height=&#8221;10px&#8221;][vc_empty_space height=&#8221;50px&#8221;][vc_gmaps link=&#8221;#E-8_JTNDaWZyYW1lJTIwc3JjJTNEJTIyaHR0cHMlM0ElMkYlMkZ3d3cuZ29vZ2xlLmNvbSUyRm1hcHMlMkZlbWJlZCUzRnBiJTNEJTIxMW0xNCUyMTFtOCUyMTFtMyUyMTFkMTA3MTMuNjU3MTEwODE2ODc3JTIxMmQxOC4zODgzOTM0JTIxM2Q0Ny44MzE1NjcxJTIxM20yJTIxMWkxMDI0JTIxMmk3NjglMjE0ZjEzLjElMjEzbTMlMjExbTIlMjExczB4MCUyNTNBMHg2YjNhMDkwMWY1MDRmMzRlJTIxMnNCJTI1QzMlMjVCM25hJTI1MjBXaW5lcnklMjE1ZTAlMjEzbTIlMjExc3NrJTIxMnNzayUyMTR2MTU4NjM0NzY0NTY1NCUyMTVtMiUyMTFzc2slMjEyc3NrJTIyJTIwJTIwZnJhbWVib3JkZXIlM0QlMjIwJTIyJTIwc3R5bGUlM0QlMjJib3JkZXIlM0EwJTNCJTIyJTIwYWxsb3dmdWxsc2NyZWVuJTNEJTIyJTIyJTIwYXJpYS1oaWRkZW4lM0QlMjJmYWxzZSUyMiUyMHRhYmluZGV4JTNEJTIyMCUyMiUzRSUzQyUyRmlmcmFtZSUzRQ==&#8221; size=&#8221;&#8221;][\/vc_column][\/vc_row]\" \/>\n<meta property=\"og:url\" content=\"https:\/\/bonawinery.sk\/en\/contact\/\" \/>\n<meta property=\"og:site_name\" content=\"Bonawinery\" \/>\n<meta property=\"article:modified_time\" content=\"2026-02-04T07:54:14+00:00\" \/>\n<meta name=\"twitter:card\" content=\"summary_large_image\" \/>\n<meta name=\"twitter:label1\" content=\"Est. reading time\">\n\t<meta name=\"twitter:data1\" content=\"1 minute\">\n<script type=\"application\/ld+json\" class=\"yoast-schema-graph\">{\"@context\":\"https:\/\/schema.org\",\"@graph\":[{\"@type\":\"WebSite\",\"@id\":\"https:\/\/bonawinery.sk\/#website\",\"url\":\"https:\/\/bonawinery.sk\/\",\"name\":\"Bonawinery\",\"description\":\"Bonawinery\",\"potentialAction\":[{\"@type\":\"SearchAction\",\"target\":\"https:\/\/bonawinery.sk\/?s={search_term_string}\",\"query-input\":\"required name=search_term_string\"}],\"inLanguage\":\"en-US\"},{\"@type\":\"WebPage\",\"@id\":\"https:\/\/bonawinery.sk\/en\/contact\/#webpage\",\"url\":\"https:\/\/bonawinery.sk\/en\/contact\/\",\"name\":\"Contact - Bonawinery\",\"isPartOf\":{\"@id\":\"https:\/\/bonawinery.sk\/#website\"},\"datePublished\":\"2019-09-06T11:16:30+00:00\",\"dateModified\":\"2026-02-04T07:54:14+00:00\",\"inLanguage\":\"en-US\",\"potentialAction\":[{\"@type\":\"ReadAction\",\"target\":[\"https:\/\/bonawinery.sk\/en\/contact\/\"]}]}]}<\/script>\n<!-- \/ Yoast SEO plugin. -->","_links":{"self":[{"href":"https:\/\/bonawinery.sk\/en\/wp-json\/wp\/v2\/pages\/6123"}],"collection":[{"href":"https:\/\/bonawinery.sk\/en\/wp-json\/wp\/v2\/pages"}],"about":[{"href":"https:\/\/bonawinery.sk\/en\/wp-json\/wp\/v2\/types\/page"}],"author":[{"embeddable":true,"href":"https:\/\/bonawinery.sk\/en\/wp-json\/wp\/v2\/users\/4"}],"replies":[{"embeddable":true,"href":"https:\/\/bonawinery.sk\/en\/wp-json\/wp\/v2\/comments?post=6123"}],"version-history":[{"count":9,"href":"https:\/\/bonawinery.sk\/en\/wp-json\/wp\/v2\/pages\/6123\/revisions"}],"predecessor-version":[{"id":7085,"href":"https:\/\/bonawinery.sk\/en\/wp-json\/wp\/v2\/pages\/6123\/revisions\/7085"}],"wp:attachment":[{"href":"https:\/\/bonawinery.sk\/en\/wp-json\/wp\/v2\/media?parent=6123"}],"curies":[{"name":"wp","href":"https:\/\/api.w.org\/{rel}","templated":true}]}}